{"id":6107,"date":"2018-10-24T10:28:46","date_gmt":"2018-10-24T08:28:46","guid":{"rendered":"https:\/\/stop-indivision.com\/notaires\/"},"modified":"2018-10-24T10:28:46","modified_gmt":"2018-10-24T08:28:46","slug":"notaires","status":"publish","type":"page","link":"https:\/\/stop-indivision.com\/lu\/notaires\/","title":{"rendered":"Notaire sp\u00e9cialiste de l\u2019indivision"},"content":{"rendered":"\n<h2 class=\"wp-block-heading\">Quand s\u2019adresser \u00e0 un notaire sp\u00e9cialiste de l\u2019indivision&nbsp;?<\/h2>\n\n\n\n<p class=\"gb-headline gb-headline-061a9098 gb-headline-text\">Quand des indivisaires (repr\u00e9sentant au moins 2\/3 des droits indivis) souhaitent vendre un bien, ils s\u2019adressent \u00e0 un notaire sp\u00e9cialiste de l&#8217;indivision.<\/p>\n\n\n\n<p>Apr\u00e8s avoir v\u00e9rifi\u00e9 que la demande est recevable, le notaire lancera la proc\u00e9dure de vente et informera, par voie d&#8217;huissier, les autres indivisaires de la volont\u00e9 commune de certains indivisaires de vendre le bien.<\/p>\n\n\n\n<p>En cas de refus de l\u2019un des indivisaires, le notaire proposera une m\u00e9diation. La m\u00e9diation consiste \u00e0 proposer aux indivisaires en conflit l\u2019intervention d\u2019un m\u00e9diateur, tiers impartial qui n\u2019a pas de pouvoir de d\u00e9cision, pour les aider \u00e0 trouver une solution.<\/p>\n\n\n\n<p>Si la m\u00e9diation \u00e9choue, les indivisaires entameront alors une proc\u00e9dure judiciaire longue et co\u00fbteuse.<\/p>\n\n\n\n<p>Pour \u00e9viter cette proc\u00e9dure, le notaire propose parfois \u00e0 ses clients qui souhaitent sortir de l&#8217;indivision de <a href=\"https:\/\/stop-indivision.com\/lu\/rachat-de-parts-indivises\/\" target=\"_blank\" rel=\"noreferrer noopener\">vendre leurs parts indivises<\/a>. Le notaire met alors en relation Stop Indivision et ses clients.<\/p>\n\n\n\n<h2 class=\"gb-headline gb-headline-b3fb1d8d gb-headline-text\">STOP Indivision s\u2019est attach\u00e9 les services de notaires sp\u00e9cialistes de l\u2019indivision<\/h2>\n\n\n\n<p>Le r\u00f4le du notaire dans une indivision est central. Voici quelques-unes des fonctions principales qu&#8217;un notaire peut remplir dans une indivision :<\/p>\n\n\n\n<ul class=\"wp-block-list\">\n<li><strong>Conseil et m\u00e9diation<\/strong> : Les notaires sont des professionnels du droit qui peuvent fournir des conseils juridiques et fiscaux sur la gestion et la dissolution de l&#8217;indivision. Ils peuvent \u00e9galement aider \u00e0 la m\u00e9diation entre les co-indivisaires pour r\u00e9soudre les conflits et les d\u00e9saccords.<\/li>\n\n\n\n<li><strong>R\u00e9daction d&#8217;un acte de partage<\/strong> : Lorsqu&#8217;une indivision doit \u00eatre dissoute, par exemple, si une vente doit \u00eatre r\u00e9alis\u00e9e, un notaire sp\u00e9cialiste de l&#8217;indivision r\u00e9dige un acte de partage qui d\u00e9crit comment les biens seront divis\u00e9s entre les co-indivisaires.<\/li>\n\n\n\n<li><strong>Vente immobili\u00e8re<\/strong> : Si la d\u00e9cision est prise de vendre le bien immobilier, le notaire peut organiser la vente, r\u00e9diger les actes n\u00e9cessaires et assurer que les droits de chaque co-indivisaire sont respect\u00e9s.<\/li>\n\n\n\n<li><strong>Conseil sur les modalit\u00e9s de partage<\/strong> : Un notaire sp\u00e9cialiste de l\u2019indivision peut conseiller sur les diff\u00e9rentes options de partage des biens et des actifs et aider \u00e0 choisir la meilleure solution pour chaque co-indivisaire.<\/li>\n\n\n\n<li><strong>Gestion des formalit\u00e9s l\u00e9gales<\/strong> : Les notaires s&#8217;occupent de toutes les formalit\u00e9s l\u00e9gales li\u00e9es \u00e0 la dissolution de l&#8217;indivision, y compris la mise \u00e0 jour des registres fonciers et la gestion des taxes et imp\u00f4ts.<\/li>\n<\/ul>\n","protected":false},"excerpt":{"rendered":"<p>Quand s\u2019adresser \u00e0 un notaire sp\u00e9cialiste de l\u2019indivision&nbsp;? Quand des indivisaires (repr\u00e9sentant au moins 2\/3 des droits indivis) souhaitent vendre un bien, ils s\u2019adressent \u00e0 un notaire sp\u00e9cialiste de l&#8217;indivision. Apr\u00e8s avoir v\u00e9rifi\u00e9 que la demande est recevable, le notaire lancera la proc\u00e9dure de vente et informera, par voie d&#8217;huissier, les autres indivisaires de la &#8230; <a title=\"Notaire sp\u00e9cialiste de l\u2019indivision\" class=\"read-more\" href=\"https:\/\/stop-indivision.com\/lu\/notaires\/\" aria-label=\"Read more about Notaire sp\u00e9cialiste de l\u2019indivision\">Lire la suite<\/a><\/p>\n","protected":false},"author":1,"featured_media":0,"parent":0,"menu_order":5,"comment_status":"closed","ping_status":"closed","template":"","meta":{"footnotes":""},"class_list":{"0":"post-6107","1":"page","2":"type-page","3":"status-publish","5":"no-featured-image-padding"},"yoast_head":"<!-- This site is optimized with the Yoast SEO plugin v27.4 - https:\/\/yoast.com\/product\/yoast-seo-wordpress\/ -->\n<title>Notaire sp\u00e9cialiste de l\u2019indivision | Stop Indivision | Rachat de biens squatt\u00e9s<\/title>\n<meta name=\"robots\" content=\"index, follow, max-snippet:-1, max-image-preview:large, max-video-preview:-1\" \/>\n<link rel=\"canonical\" href=\"https:\/\/stop-indivision.com\/lu\/notaires\/\" \/>\n<meta property=\"og:locale\" content=\"fr_FR\" \/>\n<meta property=\"og:type\" content=\"article\" \/>\n<meta property=\"og:title\" content=\"Notaire sp\u00e9cialiste de l\u2019indivision | Stop Indivision | Rachat de biens squatt\u00e9s\" \/>\n<meta property=\"og:description\" content=\"Quand s\u2019adresser \u00e0 un notaire sp\u00e9cialiste de l\u2019indivision&nbsp;? Quand des indivisaires (repr\u00e9sentant au moins 2\/3 des droits indivis) souhaitent vendre un bien, ils s\u2019adressent \u00e0 un notaire sp\u00e9cialiste de l&#8217;indivision. Apr\u00e8s avoir v\u00e9rifi\u00e9 que la demande est recevable, le notaire lancera la proc\u00e9dure de vente et informera, par voie d&#8217;huissier, les autres indivisaires de la ... Lire la suite\" \/>\n<meta property=\"og:url\" content=\"https:\/\/stop-indivision.com\/lu\/notaires\/\" \/>\n<meta property=\"og:site_name\" content=\"Stop Indivision\" \/>\n<meta property=\"og:image\" content=\"https:\/\/stop-indivision.com\/wp-content\/uploads\/2020\/09\/logo-stop-indivision.png\" \/>\n\t<meta property=\"og:image:width\" content=\"999\" \/>\n\t<meta property=\"og:image:height\" content=\"352\" \/>\n\t<meta property=\"og:image:type\" content=\"image\/png\" \/>\n<meta name=\"twitter:card\" content=\"summary_large_image\" \/>\n<meta name=\"twitter:label1\" content=\"Est. reading time\" \/>\n\t<meta name=\"twitter:data1\" content=\"2 minutes\" \/>\n<script type=\"application\/ld+json\" class=\"yoast-schema-graph\">{\"@context\":\"https:\\\/\\\/schema.org\",\"@graph\":[{\"@type\":\"WebPage\",\"@id\":\"https:\\\/\\\/stop-indivision.com\\\/lu\\\/notaires\\\/\",\"url\":\"https:\\\/\\\/stop-indivision.com\\\/lu\\\/notaires\\\/\",\"name\":\"Notaire sp\u00e9cialiste de l\u2019indivision | Stop Indivision | Rachat de biens squatt\u00e9s\",\"isPartOf\":{\"@id\":\"https:\\\/\\\/stop-indivision.com\\\/#website\"},\"datePublished\":\"2018-10-24T08:28:46+00:00\",\"breadcrumb\":{\"@id\":\"https:\\\/\\\/stop-indivision.com\\\/lu\\\/notaires\\\/#breadcrumb\"},\"inLanguage\":\"fr-LU\",\"potentialAction\":[{\"@type\":\"ReadAction\",\"target\":[\"https:\\\/\\\/stop-indivision.com\\\/lu\\\/notaires\\\/\"]}]},{\"@type\":\"BreadcrumbList\",\"@id\":\"https:\\\/\\\/stop-indivision.com\\\/lu\\\/notaires\\\/#breadcrumb\",\"itemListElement\":[{\"@type\":\"ListItem\",\"position\":1,\"name\":\"Accueil\",\"item\":\"https:\\\/\\\/stop-indivision.com\\\/lu\\\/\"},{\"@type\":\"ListItem\",\"position\":2,\"name\":\"Notaire sp\u00e9cialiste de l\u2019indivision\"}]},{\"@type\":\"WebSite\",\"@id\":\"https:\\\/\\\/stop-indivision.com\\\/#website\",\"url\":\"https:\\\/\\\/stop-indivision.com\\\/\",\"name\":\"Stop Indivision\",\"description\":\"Rachat de parts indivises\",\"publisher\":{\"@id\":\"https:\\\/\\\/stop-indivision.com\\\/#organization\"},\"potentialAction\":[{\"@type\":\"SearchAction\",\"target\":{\"@type\":\"EntryPoint\",\"urlTemplate\":\"https:\\\/\\\/stop-indivision.com\\\/?s={search_term_string}\"},\"query-input\":{\"@type\":\"PropertyValueSpecification\",\"valueRequired\":true,\"valueName\":\"search_term_string\"}}],\"inLanguage\":\"fr-LU\"},{\"@type\":\"Organization\",\"@id\":\"https:\\\/\\\/stop-indivision.com\\\/#organization\",\"name\":\"STOP INDIVISION\",\"url\":\"https:\\\/\\\/stop-indivision.com\\\/\",\"logo\":{\"@type\":\"ImageObject\",\"inLanguage\":\"fr-LU\",\"@id\":\"https:\\\/\\\/stop-indivision.com\\\/#\\\/schema\\\/logo\\\/image\\\/\",\"url\":\"https:\\\/\\\/stop-indivision.com\\\/wp-content\\\/uploads\\\/2023\\\/02\\\/stop-indivision-logo-pour-articles.jpg\",\"contentUrl\":\"https:\\\/\\\/stop-indivision.com\\\/wp-content\\\/uploads\\\/2023\\\/02\\\/stop-indivision-logo-pour-articles.jpg\",\"width\":300,\"height\":200,\"caption\":\"STOP INDIVISION\"},\"image\":{\"@id\":\"https:\\\/\\\/stop-indivision.com\\\/#\\\/schema\\\/logo\\\/image\\\/\"}}]}<\/script>\n<!-- \/ Yoast SEO plugin. -->","yoast_head_json":{"title":"Notaire sp\u00e9cialiste de l\u2019indivision | Stop Indivision | Rachat de biens squatt\u00e9s","robots":{"index":"index","follow":"follow","max-snippet":"max-snippet:-1","max-image-preview":"max-image-preview:large","max-video-preview":"max-video-preview:-1"},"canonical":"https:\/\/stop-indivision.com\/lu\/notaires\/","og_locale":"fr_FR","og_type":"article","og_title":"Notaire sp\u00e9cialiste de l\u2019indivision | Stop Indivision | Rachat de biens squatt\u00e9s","og_description":"Quand s\u2019adresser \u00e0 un notaire sp\u00e9cialiste de l\u2019indivision&nbsp;? Quand des indivisaires (repr\u00e9sentant au moins 2\/3 des droits indivis) souhaitent vendre un bien, ils s\u2019adressent \u00e0 un notaire sp\u00e9cialiste de l&#8217;indivision. Apr\u00e8s avoir v\u00e9rifi\u00e9 que la demande est recevable, le notaire lancera la proc\u00e9dure de vente et informera, par voie d&#8217;huissier, les autres indivisaires de la ... Lire la suite","og_url":"https:\/\/stop-indivision.com\/lu\/notaires\/","og_site_name":"Stop Indivision","og_image":[{"width":999,"height":352,"url":"https:\/\/stop-indivision.com\/wp-content\/uploads\/2020\/09\/logo-stop-indivision.png","type":"image\/png"}],"twitter_card":"summary_large_image","twitter_misc":{"Est. reading time":"2 minutes"},"schema":{"@context":"https:\/\/schema.org","@graph":[{"@type":"WebPage","@id":"https:\/\/stop-indivision.com\/lu\/notaires\/","url":"https:\/\/stop-indivision.com\/lu\/notaires\/","name":"Notaire sp\u00e9cialiste de l\u2019indivision | Stop Indivision | Rachat de biens squatt\u00e9s","isPartOf":{"@id":"https:\/\/stop-indivision.com\/#website"},"datePublished":"2018-10-24T08:28:46+00:00","breadcrumb":{"@id":"https:\/\/stop-indivision.com\/lu\/notaires\/#breadcrumb"},"inLanguage":"fr-LU","potentialAction":[{"@type":"ReadAction","target":["https:\/\/stop-indivision.com\/lu\/notaires\/"]}]},{"@type":"BreadcrumbList","@id":"https:\/\/stop-indivision.com\/lu\/notaires\/#breadcrumb","itemListElement":[{"@type":"ListItem","position":1,"name":"Accueil","item":"https:\/\/stop-indivision.com\/lu\/"},{"@type":"ListItem","position":2,"name":"Notaire sp\u00e9cialiste de l\u2019indivision"}]},{"@type":"WebSite","@id":"https:\/\/stop-indivision.com\/#website","url":"https:\/\/stop-indivision.com\/","name":"Stop Indivision","description":"Rachat de parts indivises","publisher":{"@id":"https:\/\/stop-indivision.com\/#organization"},"potentialAction":[{"@type":"SearchAction","target":{"@type":"EntryPoint","urlTemplate":"https:\/\/stop-indivision.com\/?s={search_term_string}"},"query-input":{"@type":"PropertyValueSpecification","valueRequired":true,"valueName":"search_term_string"}}],"inLanguage":"fr-LU"},{"@type":"Organization","@id":"https:\/\/stop-indivision.com\/#organization","name":"STOP INDIVISION","url":"https:\/\/stop-indivision.com\/","logo":{"@type":"ImageObject","inLanguage":"fr-LU","@id":"https:\/\/stop-indivision.com\/#\/schema\/logo\/image\/","url":"https:\/\/stop-indivision.com\/wp-content\/uploads\/2023\/02\/stop-indivision-logo-pour-articles.jpg","contentUrl":"https:\/\/stop-indivision.com\/wp-content\/uploads\/2023\/02\/stop-indivision-logo-pour-articles.jpg","width":300,"height":200,"caption":"STOP INDIVISION"},"image":{"@id":"https:\/\/stop-indivision.com\/#\/schema\/logo\/image\/"}}]}},"_links":{"self":[{"href":"https:\/\/stop-indivision.com\/lu\/wp-json\/wp\/v2\/pages\/6107","targetHints":{"allow":["GET"]}}],"collection":[{"href":"https:\/\/stop-indivision.com\/lu\/wp-json\/wp\/v2\/pages"}],"about":[{"href":"https:\/\/stop-indivision.com\/lu\/wp-json\/wp\/v2\/types\/page"}],"author":[{"embeddable":true,"href":"https:\/\/stop-indivision.com\/lu\/wp-json\/wp\/v2\/users\/1"}],"replies":[{"embeddable":true,"href":"https:\/\/stop-indivision.com\/lu\/wp-json\/wp\/v2\/comments?post=6107"}],"version-history":[{"count":0,"href":"https:\/\/stop-indivision.com\/lu\/wp-json\/wp\/v2\/pages\/6107\/revisions"}],"wp:attachment":[{"href":"https:\/\/stop-indivision.com\/lu\/wp-json\/wp\/v2\/media?parent=6107"}],"curies":[{"name":"wp","href":"https:\/\/api.w.org\/{rel}","templated":true}]}}