{"id":75,"date":"2018-10-24T10:29:12","date_gmt":"2018-10-24T08:29:12","guid":{"rendered":"http:\/\/www.marierabault.com\/projet\/squatsolutions\/?page_id=75"},"modified":"2025-01-28T09:42:26","modified_gmt":"2025-01-28T08:42:26","slug":"contact","status":"publish","type":"page","link":"https:\/\/stop-indivision.com\/ch\/contact\/","title":{"rendered":"Contacter Stop Indivision"},"content":{"rendered":"\n<p class=\"gb-headline gb-headline-05076067 gb-headline-text\">Contacter Stop Indivision via notre formulaire en ligne, rapide \u00e0 remplir avec l&#8217;assurance d&#8217;\u00eatre rappel\u00e9 dans les meilleurs d\u00e9lais.<\/p>\n\n\n<div class=\"gb-grid-wrapper gb-grid-wrapper-cba4e673\">\n<div class=\"gb-grid-column gb-grid-column-53091b4b\"><div class=\"gb-container gb-container-53091b4b\"><div class=\"gb-inside-container\">\n\n<p class=\"gb-headline gb-headline-b1a353af\"><span class=\"gb-icon\"><svg aria-hidden=\"true\" role=\"img\" height=\"1em\" width=\"1em\" viewBox=\"0 0 512 512\" xmlns=\"http:\/\/www.w3.org\/2000\/svg\"><path fill=\"currentColor\" d=\"M493.4 24.6l-104-24c-11.3-2.6-22.9 3.3-27.5 13.9l-48 112c-4.2 9.8-1.4 21.3 6.9 28l60.6 49.6c-36 76.7-98.9 140.5-177.2 177.2l-49.6-60.6c-6.8-8.3-18.2-11.1-28-6.9l-112 48C3.9 366.5-2 378.1.6 389.4l24 104C27.1 504.2 36.7 512 48 512c256.1 0 464-207.5 464-464 0-11.2-7.7-20.9-18.6-23.4z\"><\/path><\/svg><\/span><span class=\"gb-headline-text\"><a href=\"callto:+33185534153\">+33 (0) 1 85 53 41 53<\/a><\/span><\/p>\n\n\n\n<p class=\"gb-headline gb-headline-635ae253\"><span class=\"gb-icon\"><svg aria-hidden=\"true\" role=\"img\" height=\"1em\" width=\"1em\" viewBox=\"0 0 512 512\" xmlns=\"http:\/\/www.w3.org\/2000\/svg\"><path fill=\"currentColor\" d=\"M464 64H48C21.49 64 0 85.49 0 112v288c0 26.51 21.49 48 48 48h416c26.51 0 48-21.49 48-48V112c0-26.51-21.49-48-48-48zm0 48v40.805c-22.422 18.259-58.168 46.651-134.587 106.49-16.841 13.247-50.201 45.072-73.413 44.701-23.208.375-56.579-31.459-73.413-44.701C106.18 199.465 70.425 171.067 48 152.805V112h416zM48 400V214.398c22.914 18.251 55.409 43.862 104.938 82.646 21.857 17.205 60.134 55.186 103.062 54.955 42.717.231 80.509-37.199 103.053-54.947 49.528-38.783 82.032-64.401 104.947-82.653V400H48z\"><\/path><\/svg><\/span><span class=\"gb-headline-text\"><a href=\"mailto:contact@stop-indivision.com\">contact@stop-indivision.com<\/a><\/span><\/p>\n\n\n\n<p class=\"gb-headline gb-headline-fa24d038\"><span class=\"gb-icon\"><svg aria-hidden=\"true\" role=\"img\" height=\"1em\" width=\"1em\" viewBox=\"0 0 384 512\" xmlns=\"http:\/\/www.w3.org\/2000\/svg\"><path fill=\"currentColor\" d=\"M172.268 501.67C26.97 291.031 0 269.413 0 192 0 85.961 85.961 0 192 0s192 85.961 192 192c0 77.413-26.97 99.031-172.268 309.67-9.535 13.774-29.93 13.773-39.464 0zM192 272c44.183 0 80-35.817 80-80s-35.817-80-80-80-80 35.817-80 80 35.817 80 80 80z\"><\/path><\/svg><\/span><span class=\"gb-headline-text\">55 avenue Marceau<br>75016 Paris<\/span><\/p>\n\n\n\n<h2 class=\"gb-headline gb-headline-d7a4b766 gb-headline-text\">Pourquoi contacter Stop Indivision ?<\/h2>\n\n\n\n<p><a href=\"https:\/\/stop-indivision.com\/sortir-indivision\/\" target=\"_blank\" rel=\"noreferrer noopener\">Sortir d\u2019une indivision<\/a> n\u2019est pas toujours facile surtout si cette d\u00e9cision n\u2019est pas bien re\u00e7ue par les autres indivisaires. Stop Indivision vous propose une solution simple et rapide pour vous lib\u00e9rer de cette obligation. Le <a href=\"https:\/\/stop-indivision.com\/\" target=\"_blank\" rel=\"noreferrer noopener\">rachat de parts indivises<\/a> est notre sp\u00e9cialit\u00e9. Notre \u00e9quipe est compos\u00e9e de sp\u00e9cialistes\u00a0: avocats, notaires, agences immobili\u00e8res, nous avons r\u00e9uni des experts capables d\u2019intervenir rapidement et de vous conseiller.<\/p>\n\n\n\n<p>Vous avez des questions et vous souhaitez en savoir plus sur nos services&nbsp;? Remplissez le formulaire de contact pr\u00e9sent sur cette page pour \u00eatre rappel\u00e9 rapidement par un membre de notre \u00e9quipe dans les meilleurs d\u00e9lais. Contacter STOP Indivision vous permet d&#8217;obtenir des r\u00e9ponses \u00e0 vos questions rapidement et d&#8217;\u00eatre accompagn\u00e9 par des experts qui resteront \u00e0 vos c\u00f4t\u00e9s jusqu&#8217;\u00e0 la <a href=\"https:\/\/www.service-public.fr\/particuliers\/vosdroits\/F1296\" target=\"_blank\" rel=\"noreferrer noopener\">sortie de l&#8217;indivision<\/a>. Vous pouvez \u00e9galement composer le 01 85 53 41 53 pour \u00eatre mis en contact directement avec notre \u00e9quipe d&#8217;experts.<\/p>\n\n<\/div><\/div><\/div>\n\n<div class=\"gb-grid-column gb-grid-column-8349d630\"><div class=\"gb-container gb-container-8349d630\"><div class=\"gb-inside-container\">\n\n<div class=\"pipedriveWebForms\" data-pd-webforms=\"https:\/\/webforms.pipedrive.com\/f\/6xN80Cohc9m1QRnVTWlrlU0OWiUaeYQ8r7l5AFwGHL2CvZoYttiW6kMTjgFBPnAe2f\"><script src=\"https:\/\/webforms.pipedrive.com\/f\/loader\"><\/script><\/div>\n\n\n<\/div><\/div><\/div>\n<\/div>","protected":false},"excerpt":{"rendered":"<p>Contacter Stop Indivision via notre formulaire en ligne, rapide \u00e0 remplir avec l&#8217;assurance d&#8217;\u00eatre rappel\u00e9 dans les meilleurs d\u00e9lais.<\/p>\n","protected":false},"author":1,"featured_media":0,"parent":0,"menu_order":9,"comment_status":"closed","ping_status":"closed","template":"","meta":{"footnotes":""},"class_list":{"0":"post-75","1":"page","2":"type-page","3":"status-publish","5":"no-featured-image-padding"},"yoast_head":"<!-- This site is optimized with the Yoast SEO plugin v27.4 - https:\/\/yoast.com\/product\/yoast-seo-wordpress\/ -->\n<title>Contacter STOP Indivision en quelques clics<\/title>\n<meta name=\"description\" content=\"Vous cherchez \u00e0 sortir d\u2019une indivision ? Contacter STOP Indivision via notre formulaire en ligne, un expert vous rappellera rapidement.\" \/>\n<meta name=\"robots\" content=\"index, follow, max-snippet:-1, max-image-preview:large, max-video-preview:-1\" \/>\n<link rel=\"canonical\" href=\"https:\/\/stop-indivision.com\/contact\/\" \/>\n<meta property=\"og:locale\" content=\"fr_FR\" \/>\n<meta property=\"og:type\" content=\"article\" \/>\n<meta property=\"og:title\" content=\"Contacter STOP Indivision en quelques clics\" \/>\n<meta property=\"og:description\" content=\"Vous cherchez \u00e0 sortir d\u2019une indivision ? Contacter STOP Indivision via notre formulaire en ligne, un expert vous rappellera rapidement.\" \/>\n<meta property=\"og:url\" content=\"https:\/\/stop-indivision.com\/contact\/\" \/>\n<meta property=\"og:site_name\" content=\"Stop Indivision\" \/>\n<meta property=\"article:modified_time\" content=\"2025-01-28T08:42:26+00:00\" \/>\n<meta property=\"og:image\" content=\"https:\/\/stop-indivision.com\/wp-content\/uploads\/2020\/09\/logo-stop-indivision.png\" \/>\n\t<meta property=\"og:image:width\" content=\"999\" \/>\n\t<meta property=\"og:image:height\" content=\"352\" \/>\n\t<meta property=\"og:image:type\" content=\"image\/png\" \/>\n<meta name=\"twitter:card\" content=\"summary_large_image\" \/>\n<meta name=\"twitter:label1\" content=\"Est. reading time\" \/>\n\t<meta name=\"twitter:data1\" content=\"1 minute\" \/>\n<script type=\"application\/ld+json\" class=\"yoast-schema-graph\">{\"@context\":\"https:\\\/\\\/schema.org\",\"@graph\":[{\"@type\":\"WebPage\",\"@id\":\"https:\\\/\\\/stop-indivision.com\\\/contact\\\/\",\"url\":\"https:\\\/\\\/stop-indivision.com\\\/contact\\\/\",\"name\":\"Contacter STOP Indivision en quelques clics\",\"isPartOf\":{\"@id\":\"https:\\\/\\\/stop-indivision.com\\\/#website\"},\"datePublished\":\"2018-10-24T08:29:12+00:00\",\"dateModified\":\"2025-01-28T08:42:26+00:00\",\"description\":\"Vous cherchez \u00e0 sortir d\u2019une indivision ? Contacter STOP Indivision via notre formulaire en ligne, un expert vous rappellera rapidement.\",\"breadcrumb\":{\"@id\":\"https:\\\/\\\/stop-indivision.com\\\/contact\\\/#breadcrumb\"},\"inLanguage\":\"fr-CH\",\"potentialAction\":[{\"@type\":\"ReadAction\",\"target\":[\"https:\\\/\\\/stop-indivision.com\\\/contact\\\/\"]}]},{\"@type\":\"BreadcrumbList\",\"@id\":\"https:\\\/\\\/stop-indivision.com\\\/contact\\\/#breadcrumb\",\"itemListElement\":[{\"@type\":\"ListItem\",\"position\":1,\"name\":\"Accueil\",\"item\":\"https:\\\/\\\/stop-indivision.com\\\/ch\\\/\"},{\"@type\":\"ListItem\",\"position\":2,\"name\":\"Contacter Stop Indivision\"}]},{\"@type\":\"WebSite\",\"@id\":\"https:\\\/\\\/stop-indivision.com\\\/#website\",\"url\":\"https:\\\/\\\/stop-indivision.com\\\/\",\"name\":\"Stop Indivision\",\"description\":\"Rachat de parts indivises\",\"publisher\":{\"@id\":\"https:\\\/\\\/stop-indivision.com\\\/#organization\"},\"potentialAction\":[{\"@type\":\"SearchAction\",\"target\":{\"@type\":\"EntryPoint\",\"urlTemplate\":\"https:\\\/\\\/stop-indivision.com\\\/?s={search_term_string}\"},\"query-input\":{\"@type\":\"PropertyValueSpecification\",\"valueRequired\":true,\"valueName\":\"search_term_string\"}}],\"inLanguage\":\"fr-CH\"},{\"@type\":\"Organization\",\"@id\":\"https:\\\/\\\/stop-indivision.com\\\/#organization\",\"name\":\"STOP INDIVISION\",\"url\":\"https:\\\/\\\/stop-indivision.com\\\/\",\"logo\":{\"@type\":\"ImageObject\",\"inLanguage\":\"fr-CH\",\"@id\":\"https:\\\/\\\/stop-indivision.com\\\/#\\\/schema\\\/logo\\\/image\\\/\",\"url\":\"https:\\\/\\\/stop-indivision.com\\\/wp-content\\\/uploads\\\/2023\\\/02\\\/stop-indivision-logo-pour-articles.jpg\",\"contentUrl\":\"https:\\\/\\\/stop-indivision.com\\\/wp-content\\\/uploads\\\/2023\\\/02\\\/stop-indivision-logo-pour-articles.jpg\",\"width\":300,\"height\":200,\"caption\":\"STOP INDIVISION\"},\"image\":{\"@id\":\"https:\\\/\\\/stop-indivision.com\\\/#\\\/schema\\\/logo\\\/image\\\/\"}}]}<\/script>\n<!-- \/ Yoast SEO plugin. -->","yoast_head_json":{"title":"Contacter STOP Indivision en quelques clics","description":"Vous cherchez \u00e0 sortir d\u2019une indivision ? Contacter STOP Indivision via notre formulaire en ligne, un expert vous rappellera rapidement.","robots":{"index":"index","follow":"follow","max-snippet":"max-snippet:-1","max-image-preview":"max-image-preview:large","max-video-preview":"max-video-preview:-1"},"canonical":"https:\/\/stop-indivision.com\/contact\/","og_locale":"fr_FR","og_type":"article","og_title":"Contacter STOP Indivision en quelques clics","og_description":"Vous cherchez \u00e0 sortir d\u2019une indivision ? Contacter STOP Indivision via notre formulaire en ligne, un expert vous rappellera rapidement.","og_url":"https:\/\/stop-indivision.com\/contact\/","og_site_name":"Stop Indivision","article_modified_time":"2025-01-28T08:42:26+00:00","og_image":[{"width":999,"height":352,"url":"https:\/\/stop-indivision.com\/wp-content\/uploads\/2020\/09\/logo-stop-indivision.png","type":"image\/png"}],"twitter_card":"summary_large_image","twitter_misc":{"Est. reading time":"1 minute"},"schema":{"@context":"https:\/\/schema.org","@graph":[{"@type":"WebPage","@id":"https:\/\/stop-indivision.com\/contact\/","url":"https:\/\/stop-indivision.com\/contact\/","name":"Contacter STOP Indivision en quelques clics","isPartOf":{"@id":"https:\/\/stop-indivision.com\/#website"},"datePublished":"2018-10-24T08:29:12+00:00","dateModified":"2025-01-28T08:42:26+00:00","description":"Vous cherchez \u00e0 sortir d\u2019une indivision ? Contacter STOP Indivision via notre formulaire en ligne, un expert vous rappellera rapidement.","breadcrumb":{"@id":"https:\/\/stop-indivision.com\/contact\/#breadcrumb"},"inLanguage":"fr-CH","potentialAction":[{"@type":"ReadAction","target":["https:\/\/stop-indivision.com\/contact\/"]}]},{"@type":"BreadcrumbList","@id":"https:\/\/stop-indivision.com\/contact\/#breadcrumb","itemListElement":[{"@type":"ListItem","position":1,"name":"Accueil","item":"https:\/\/stop-indivision.com\/ch\/"},{"@type":"ListItem","position":2,"name":"Contacter Stop Indivision"}]},{"@type":"WebSite","@id":"https:\/\/stop-indivision.com\/#website","url":"https:\/\/stop-indivision.com\/","name":"Stop Indivision","description":"Rachat de parts indivises","publisher":{"@id":"https:\/\/stop-indivision.com\/#organization"},"potentialAction":[{"@type":"SearchAction","target":{"@type":"EntryPoint","urlTemplate":"https:\/\/stop-indivision.com\/?s={search_term_string}"},"query-input":{"@type":"PropertyValueSpecification","valueRequired":true,"valueName":"search_term_string"}}],"inLanguage":"fr-CH"},{"@type":"Organization","@id":"https:\/\/stop-indivision.com\/#organization","name":"STOP INDIVISION","url":"https:\/\/stop-indivision.com\/","logo":{"@type":"ImageObject","inLanguage":"fr-CH","@id":"https:\/\/stop-indivision.com\/#\/schema\/logo\/image\/","url":"https:\/\/stop-indivision.com\/wp-content\/uploads\/2023\/02\/stop-indivision-logo-pour-articles.jpg","contentUrl":"https:\/\/stop-indivision.com\/wp-content\/uploads\/2023\/02\/stop-indivision-logo-pour-articles.jpg","width":300,"height":200,"caption":"STOP INDIVISION"},"image":{"@id":"https:\/\/stop-indivision.com\/#\/schema\/logo\/image\/"}}]}},"_links":{"self":[{"href":"https:\/\/stop-indivision.com\/ch\/wp-json\/wp\/v2\/pages\/75","targetHints":{"allow":["GET"]}}],"collection":[{"href":"https:\/\/stop-indivision.com\/ch\/wp-json\/wp\/v2\/pages"}],"about":[{"href":"https:\/\/stop-indivision.com\/ch\/wp-json\/wp\/v2\/types\/page"}],"author":[{"embeddable":true,"href":"https:\/\/stop-indivision.com\/ch\/wp-json\/wp\/v2\/users\/1"}],"replies":[{"embeddable":true,"href":"https:\/\/stop-indivision.com\/ch\/wp-json\/wp\/v2\/comments?post=75"}],"version-history":[{"count":14,"href":"https:\/\/stop-indivision.com\/ch\/wp-json\/wp\/v2\/pages\/75\/revisions"}],"predecessor-version":[{"id":5996,"href":"https:\/\/stop-indivision.com\/ch\/wp-json\/wp\/v2\/pages\/75\/revisions\/5996"}],"wp:attachment":[{"href":"https:\/\/stop-indivision.com\/ch\/wp-json\/wp\/v2\/media?parent=75"}],"curies":[{"name":"wp","href":"https:\/\/api.w.org\/{rel}","templated":true}]}}