{"id":6112,"date":"2018-11-05T08:57:00","date_gmt":"2018-11-05T07:57:00","guid":{"rendered":"https:\/\/stop-indivision.com\/agences-immobilieres\/"},"modified":"2018-11-05T08:57:00","modified_gmt":"2018-11-05T07:57:00","slug":"agences-immobilieres","status":"publish","type":"page","link":"https:\/\/stop-indivision.com\/be\/agences-immobilieres\/","title":{"rendered":"Agences immobili\u00e8res"},"content":{"rendered":"\n<h2 class=\"wp-block-heading\">Notre partenariat avec les agences immobili\u00e8res<\/h2>\n\n\n\n<p class=\"gb-headline gb-headline-0d806856 gb-headline-text\">Stop Indivision travaille aujourd\u2019hui en partenariat avec un r\u00e9seau en constante progression de 3000 agences immobili\u00e8res. Un partenariat gagnant-gagnant.<\/p>\n\n\n\n<p>Stop Indivision mandate les agences immobili\u00e8res pour qu&rsquo;elles identifient les biens en indivision sur leur secteur.<\/p>\n\n\n\n<p>Une fois le bien immobilier achet\u00e9 aux indivisaires ou propri\u00e9taire, Stop Indivision r\u00e9nove le bien. Les travaux finis, Stop Indivision signe avec l&rsquo;agence immobili\u00e8re qui a trouv\u00e9 le bien un mandat exclusif de vente.<\/p>\n\n\n\n<h2 class=\"gb-headline gb-headline-9091684e gb-headline-text\">L\u2019intervention des agences dans les proc\u00e9dures de sortie d\u2019indivision<\/h2>\n\n\n\n<p>STOP Indivision propose aux indivisaires souhaitant sortir de leur situation actuelle le <a href=\"https:\/\/stop-indivision.com\/be\/rachat-de-parts-indivises\/\" target=\"_blank\" rel=\"noreferrer noopener\">rachat de parts indivises<\/a>. De cette mani\u00e8re, les coindivisaires peuvent sortir de l\u2019indivision. STOP Indivision se retrouve donc coindivisaire \u00e0 la place de ses clients. Toutefois pour \u00e9tablir le montant de la vente des parts indivises, nos sp\u00e9cialistes font appel \u00e0 3 agences immobili\u00e8res pour \u00e9tablir une estimation du bien en vente et d\u00e9finir la valeur de la quote part des indivisaires.<\/p>\n\n\n\n<p>Une fois que les agences ont estim\u00e9 le bien et que le calcul de la quote part a \u00e9t\u00e9 r\u00e9alis\u00e9e. Une derni\u00e8re \u00e9valuation reste \u00e0 faire concernant les co\u00fbts de l\u2019action en justice qui sera d\u00e9duite de l\u2019offre ferme propos\u00e9e par STOP Indivision \u00e0 ses clients.<\/p>\n","protected":false},"excerpt":{"rendered":"<p>Notre partenariat avec les agences immobili\u00e8res Stop Indivision travaille aujourd\u2019hui en partenariat avec un r\u00e9seau en constante progression de 3000 agences immobili\u00e8res. Un partenariat gagnant-gagnant. Stop Indivision mandate les agences immobili\u00e8res pour qu&rsquo;elles identifient les biens en indivision sur leur secteur. Une fois le bien immobilier achet\u00e9 aux indivisaires ou propri\u00e9taire, Stop Indivision r\u00e9nove le &#8230; <a title=\"Agences immobili\u00e8res\" class=\"read-more\" href=\"https:\/\/stop-indivision.com\/be\/agences-immobilieres\/\" aria-label=\"Read more about Agences immobili\u00e8res\">Lire la suite<\/a><\/p>\n","protected":false},"author":1,"featured_media":0,"parent":0,"menu_order":7,"comment_status":"closed","ping_status":"closed","template":"","meta":{"footnotes":""},"class_list":{"0":"post-6112","1":"page","2":"type-page","3":"status-publish","5":"no-featured-image-padding"},"yoast_head":"<!-- This site is optimized with the Yoast SEO plugin v27.4 - https:\/\/yoast.com\/product\/yoast-seo-wordpress\/ -->\n<title>Agences immobili\u00e8res | Stop Indivision | Rachat de biens squatt\u00e9s<\/title>\n<meta name=\"robots\" content=\"index, follow, max-snippet:-1, max-image-preview:large, max-video-preview:-1\" \/>\n<link rel=\"canonical\" href=\"https:\/\/stop-indivision.com\/be\/agences-immobilieres\/\" \/>\n<meta property=\"og:locale\" content=\"fr_FR\" \/>\n<meta property=\"og:type\" content=\"article\" \/>\n<meta property=\"og:title\" content=\"Agences immobili\u00e8res | Stop Indivision | Rachat de biens squatt\u00e9s\" \/>\n<meta property=\"og:description\" content=\"Notre partenariat avec les agences immobili\u00e8res Stop Indivision travaille aujourd\u2019hui en partenariat avec un r\u00e9seau en constante progression de 3000 agences immobili\u00e8res. Un partenariat gagnant-gagnant. Stop Indivision mandate les agences immobili\u00e8res pour qu&rsquo;elles identifient les biens en indivision sur leur secteur. Une fois le bien immobilier achet\u00e9 aux indivisaires ou propri\u00e9taire, Stop Indivision r\u00e9nove le ... Lire la suite\" \/>\n<meta property=\"og:url\" content=\"https:\/\/stop-indivision.com\/be\/agences-immobilieres\/\" \/>\n<meta property=\"og:site_name\" content=\"Stop Indivision\" \/>\n<meta property=\"og:image\" content=\"https:\/\/stop-indivision.com\/wp-content\/uploads\/2020\/09\/logo-stop-indivision.png\" \/>\n\t<meta property=\"og:image:width\" content=\"999\" \/>\n\t<meta property=\"og:image:height\" content=\"352\" \/>\n\t<meta property=\"og:image:type\" content=\"image\/png\" \/>\n<meta name=\"twitter:card\" content=\"summary_large_image\" \/>\n<meta name=\"twitter:label1\" content=\"Dur\u00e9e de lecture est.\" \/>\n\t<meta name=\"twitter:data1\" content=\"1 minute\" \/>\n<script type=\"application\/ld+json\" class=\"yoast-schema-graph\">{\"@context\":\"https:\\\/\\\/schema.org\",\"@graph\":[{\"@type\":\"WebPage\",\"@id\":\"https:\\\/\\\/stop-indivision.com\\\/be\\\/agences-immobilieres\\\/\",\"url\":\"https:\\\/\\\/stop-indivision.com\\\/be\\\/agences-immobilieres\\\/\",\"name\":\"Agences immobili\u00e8res | Stop Indivision | Rachat de biens squatt\u00e9s\",\"isPartOf\":{\"@id\":\"https:\\\/\\\/stop-indivision.com\\\/#website\"},\"datePublished\":\"2018-11-05T07:57:00+00:00\",\"breadcrumb\":{\"@id\":\"https:\\\/\\\/stop-indivision.com\\\/be\\\/agences-immobilieres\\\/#breadcrumb\"},\"inLanguage\":\"fr-BE\",\"potentialAction\":[{\"@type\":\"ReadAction\",\"target\":[\"https:\\\/\\\/stop-indivision.com\\\/be\\\/agences-immobilieres\\\/\"]}]},{\"@type\":\"BreadcrumbList\",\"@id\":\"https:\\\/\\\/stop-indivision.com\\\/be\\\/agences-immobilieres\\\/#breadcrumb\",\"itemListElement\":[{\"@type\":\"ListItem\",\"position\":1,\"name\":\"Accueil\",\"item\":\"https:\\\/\\\/stop-indivision.com\\\/be\\\/\"},{\"@type\":\"ListItem\",\"position\":2,\"name\":\"Agences immobili\u00e8res\"}]},{\"@type\":\"WebSite\",\"@id\":\"https:\\\/\\\/stop-indivision.com\\\/#website\",\"url\":\"https:\\\/\\\/stop-indivision.com\\\/\",\"name\":\"Stop Indivision\",\"description\":\"Rachat de parts indivises\",\"publisher\":{\"@id\":\"https:\\\/\\\/stop-indivision.com\\\/#organization\"},\"potentialAction\":[{\"@type\":\"SearchAction\",\"target\":{\"@type\":\"EntryPoint\",\"urlTemplate\":\"https:\\\/\\\/stop-indivision.com\\\/?s={search_term_string}\"},\"query-input\":{\"@type\":\"PropertyValueSpecification\",\"valueRequired\":true,\"valueName\":\"search_term_string\"}}],\"inLanguage\":\"fr-BE\"},{\"@type\":\"Organization\",\"@id\":\"https:\\\/\\\/stop-indivision.com\\\/#organization\",\"name\":\"STOP INDIVISION\",\"url\":\"https:\\\/\\\/stop-indivision.com\\\/\",\"logo\":{\"@type\":\"ImageObject\",\"inLanguage\":\"fr-BE\",\"@id\":\"https:\\\/\\\/stop-indivision.com\\\/#\\\/schema\\\/logo\\\/image\\\/\",\"url\":\"https:\\\/\\\/stop-indivision.com\\\/wp-content\\\/uploads\\\/2023\\\/02\\\/stop-indivision-logo-pour-articles.jpg\",\"contentUrl\":\"https:\\\/\\\/stop-indivision.com\\\/wp-content\\\/uploads\\\/2023\\\/02\\\/stop-indivision-logo-pour-articles.jpg\",\"width\":300,\"height\":200,\"caption\":\"STOP INDIVISION\"},\"image\":{\"@id\":\"https:\\\/\\\/stop-indivision.com\\\/#\\\/schema\\\/logo\\\/image\\\/\"}}]}<\/script>\n<!-- \/ Yoast SEO plugin. -->","yoast_head_json":{"title":"Agences immobili\u00e8res | Stop Indivision | Rachat de biens squatt\u00e9s","robots":{"index":"index","follow":"follow","max-snippet":"max-snippet:-1","max-image-preview":"max-image-preview:large","max-video-preview":"max-video-preview:-1"},"canonical":"https:\/\/stop-indivision.com\/be\/agences-immobilieres\/","og_locale":"fr_FR","og_type":"article","og_title":"Agences immobili\u00e8res | Stop Indivision | Rachat de biens squatt\u00e9s","og_description":"Notre partenariat avec les agences immobili\u00e8res Stop Indivision travaille aujourd\u2019hui en partenariat avec un r\u00e9seau en constante progression de 3000 agences immobili\u00e8res. Un partenariat gagnant-gagnant. Stop Indivision mandate les agences immobili\u00e8res pour qu&rsquo;elles identifient les biens en indivision sur leur secteur. Une fois le bien immobilier achet\u00e9 aux indivisaires ou propri\u00e9taire, Stop Indivision r\u00e9nove le ... Lire la suite","og_url":"https:\/\/stop-indivision.com\/be\/agences-immobilieres\/","og_site_name":"Stop Indivision","og_image":[{"width":999,"height":352,"url":"https:\/\/stop-indivision.com\/wp-content\/uploads\/2020\/09\/logo-stop-indivision.png","type":"image\/png"}],"twitter_card":"summary_large_image","twitter_misc":{"Dur\u00e9e de lecture est.":"1 minute"},"schema":{"@context":"https:\/\/schema.org","@graph":[{"@type":"WebPage","@id":"https:\/\/stop-indivision.com\/be\/agences-immobilieres\/","url":"https:\/\/stop-indivision.com\/be\/agences-immobilieres\/","name":"Agences immobili\u00e8res | Stop Indivision | Rachat de biens squatt\u00e9s","isPartOf":{"@id":"https:\/\/stop-indivision.com\/#website"},"datePublished":"2018-11-05T07:57:00+00:00","breadcrumb":{"@id":"https:\/\/stop-indivision.com\/be\/agences-immobilieres\/#breadcrumb"},"inLanguage":"fr-BE","potentialAction":[{"@type":"ReadAction","target":["https:\/\/stop-indivision.com\/be\/agences-immobilieres\/"]}]},{"@type":"BreadcrumbList","@id":"https:\/\/stop-indivision.com\/be\/agences-immobilieres\/#breadcrumb","itemListElement":[{"@type":"ListItem","position":1,"name":"Accueil","item":"https:\/\/stop-indivision.com\/be\/"},{"@type":"ListItem","position":2,"name":"Agences immobili\u00e8res"}]},{"@type":"WebSite","@id":"https:\/\/stop-indivision.com\/#website","url":"https:\/\/stop-indivision.com\/","name":"Stop Indivision","description":"Rachat de parts indivises","publisher":{"@id":"https:\/\/stop-indivision.com\/#organization"},"potentialAction":[{"@type":"SearchAction","target":{"@type":"EntryPoint","urlTemplate":"https:\/\/stop-indivision.com\/?s={search_term_string}"},"query-input":{"@type":"PropertyValueSpecification","valueRequired":true,"valueName":"search_term_string"}}],"inLanguage":"fr-BE"},{"@type":"Organization","@id":"https:\/\/stop-indivision.com\/#organization","name":"STOP INDIVISION","url":"https:\/\/stop-indivision.com\/","logo":{"@type":"ImageObject","inLanguage":"fr-BE","@id":"https:\/\/stop-indivision.com\/#\/schema\/logo\/image\/","url":"https:\/\/stop-indivision.com\/wp-content\/uploads\/2023\/02\/stop-indivision-logo-pour-articles.jpg","contentUrl":"https:\/\/stop-indivision.com\/wp-content\/uploads\/2023\/02\/stop-indivision-logo-pour-articles.jpg","width":300,"height":200,"caption":"STOP INDIVISION"},"image":{"@id":"https:\/\/stop-indivision.com\/#\/schema\/logo\/image\/"}}]}},"_links":{"self":[{"href":"https:\/\/stop-indivision.com\/be\/wp-json\/wp\/v2\/pages\/6112","targetHints":{"allow":["GET"]}}],"collection":[{"href":"https:\/\/stop-indivision.com\/be\/wp-json\/wp\/v2\/pages"}],"about":[{"href":"https:\/\/stop-indivision.com\/be\/wp-json\/wp\/v2\/types\/page"}],"author":[{"embeddable":true,"href":"https:\/\/stop-indivision.com\/be\/wp-json\/wp\/v2\/users\/1"}],"replies":[{"embeddable":true,"href":"https:\/\/stop-indivision.com\/be\/wp-json\/wp\/v2\/comments?post=6112"}],"version-history":[{"count":0,"href":"https:\/\/stop-indivision.com\/be\/wp-json\/wp\/v2\/pages\/6112\/revisions"}],"wp:attachment":[{"href":"https:\/\/stop-indivision.com\/be\/wp-json\/wp\/v2\/media?parent=6112"}],"curies":[{"name":"wp","href":"https:\/\/api.w.org\/{rel}","templated":true}]}}