{"id":6109,"date":"2018-11-05T08:55:19","date_gmt":"2018-11-05T07:55:19","guid":{"rendered":"https:\/\/stop-indivision.com\/avocats\/"},"modified":"2018-11-05T08:55:19","modified_gmt":"2018-11-05T07:55:19","slug":"avocats","status":"publish","type":"page","link":"https:\/\/stop-indivision.com\/be\/avocats\/","title":{"rendered":"Avocats sp\u00e9cialistes de l\u2019indivision"},"content":{"rendered":"\n<h2 class=\"wp-block-heading\">Quel est le r\u00f4le des avocats sp\u00e9cialistes de l\u2019indivision&nbsp;?<\/h2>\n\n\n\n<p class=\"gb-headline gb-headline-8789fc84 gb-headline-text\">Le c\u0153ur du m\u00e9tier de Stop Indivision est la gestion de situation conflictuelle autour de biens immobiliers. Les avocats sont indispensables pour sortir de ce conflit.<\/p>\n\n\n\n<h3 class=\"gb-headline gb-headline-31b25c14 gb-headline-text\">Rachat de parts indivises<\/h3>\n\n\n\n<p>Avant de penser \u00e0 notre solution, les indivisaires souhaitant sortir de l&rsquo;indivision font g\u00e9n\u00e9ralement appel \u00e0 un avocat. Celui-ci les conseille sur leurs droits, sur les proc\u00e9dures n\u00e9cessaires pour saisir le Tribunal de grande instance (TGI) afin de <a href=\"https:\/\/stop-indivision.com\/pourquoi-la-sortie-dune-indivision-se-fait-parfois-par-une-vente-aux-encheres\/\" target=\"_blank\" rel=\"noreferrer noopener\">proc\u00e9der \u00e0 sa vente aux ench\u00e8res<\/a>. Si la situation s&rsquo;av\u00e8re trop complexe pour une r\u00e9solution dans des d\u00e9lais raisonnables, l&rsquo;avocat pourra proposer \u00e0 ses clients la vente de leurs parts indivises. Il les assistera dans cette d\u00e9marche.<\/p>\n\n\n\n<p class=\"gb-headline gb-headline-4e8de4f9 gb-headline-text\"><strong>Ma\u00eetre Gr\u00e9gory Cherqui et ma\u00eetre Rapha\u00ebl Richemond<\/strong><\/p>\n\n\n\n<p>Ma\u00eetre Gr\u00e9gory Cherqui, avocat au barreau de Paris depuis une plus de 20 ans, et ma\u00eetre Rapha\u00ebl Richemond, avocat aux barreaux de Paris et de New York, exercent c\u00f4te \u00e0 c\u00f4te dans tous les domaines du droit immobilier (proc\u00e9dures judiciaires, conseil juridique et gestion pr\u00e9contentieuse) et ce, dans la France enti\u00e8re.<a href=\"https:\/\/stop-indivision.com\/be\/acquisition-biens-immobiliers\/\" target=\"_blank\" rel=\"noreferrer noopener\">STOP Indivision collabore avec ses professionnels<\/a> sur de nombreux dossiers complexes.<\/p>\n\n\n\n<p><a href=\"http:\/\/cherqui-avocats-immobilier.fr\/\">www.cherqui-avocats-immobilier.fr<\/a><\/p>\n\n\n\n<h2 class=\"gb-headline gb-headline-e6203e0e gb-headline-text\">A quel moment interviennent les avocats sp\u00e9cialistes de l\u2019indivision&nbsp;?<\/h2>\n\n\n\n<p>Les avocats sp\u00e9cialistes de l&rsquo;indivision interviennent \u00e0 plusieurs moments dans le cadre de la gestion et de la dissolution d&rsquo;une indivision, en particulier lorsque des questions juridiques complexes se posent ou que des litiges n\u00e9cessitent une repr\u00e9sentation en justice. Voici quelques-uns des moments o\u00f9 les avocats sp\u00e9cialistes de l&rsquo;indivision sont amen\u00e9s \u00e0 vous repr\u00e9senter :<\/p>\n\n\n\n<ul class=\"wp-block-list\">\n<li><strong>Conseils initiaux et strat\u00e9gies<\/strong> : Lorsque l&rsquo;indivision est cr\u00e9\u00e9e ou envisag\u00e9e, les avocats fournissent des conseils sur la <strong>mani\u00e8re de structurer l&rsquo;indivision<\/strong>, les droits et les obligations des co-indivisaires, et les moyens de r\u00e9soudre les conflits potentiels.<\/li>\n\n\n\n<li><strong>M\u00e9diation et n\u00e9gociations<\/strong> : Les avocats sp\u00e9cialistes de l\u2019indivision assistent \u00e0 la m\u00e9diation entre les co-indivisaires pour r\u00e9soudre les d\u00e9saccords et n\u00e9gocier des accords de partage ou de vente \u00e9quitables.<\/li>\n\n\n\n<li><strong>Contentieux et repr\u00e9sentation<\/strong> : Si les co-indivisaires ne peuvent pas r\u00e9soudre leurs diff\u00e9rends \u00e0 l&rsquo;amiable, les avocats sp\u00e9cialistes repr\u00e9sentent leurs clients devant les tribunaux, que ce soit pour obtenir un partage judiciaire, pour r\u00e9gler des questions de droit de propri\u00e9t\u00e9, ou pour d&rsquo;autres questions juridiques li\u00e9es \u00e0 l&rsquo;indivision.<\/li>\n\n\n\n<li><strong>R\u00e9daction de documents juridiques<\/strong> : Les avocats r\u00e9digent des actes de partage, des contrats de vente, des baux, ou d&rsquo;autres documents juridiques n\u00e9cessaires \u00e0 la gestion et \u00e0 la dissolution de l&rsquo;indivision.<\/li>\n\n\n\n<li><strong>Conseils fiscaux<\/strong> : Les avocats sp\u00e9cialistes de l\u2019indivision fournissent des conseils sur les implications fiscales de l&rsquo;indivision et des transactions immobili\u00e8res.<\/li>\n\n\n\n<li><strong>Gestion des formalit\u00e9s l\u00e9gales<\/strong> : Ils s&rsquo;occupent des formalit\u00e9s l\u00e9gales li\u00e9es \u00e0 la dissolution de l&rsquo;indivision, comme la mise \u00e0 jour des registres fonciers et la gestion des taxes et imp\u00f4ts.<\/li>\n<\/ul>\n\n\n\n<p>Les avocats sp\u00e9cialistes de l&rsquo;indivision interviennent \u00e0 diff\u00e9rents moments dans le cadre de la gestion et de la dissolution d&rsquo;une indivision, en fournissant des conseils juridiques, en aidant \u00e0 la m\u00e9diation et \u00e0 la n\u00e9gociation, en repr\u00e9sentant les clients devant les tribunaux, en r\u00e9digeant des documents juridiques, en fournissant des conseils fiscaux et en g\u00e9rant les formalit\u00e9s l\u00e9gales.<\/p>\n","protected":false},"excerpt":{"rendered":"<p>Quel est le r\u00f4le des avocats sp\u00e9cialistes de l\u2019indivision&nbsp;? Le c\u0153ur du m\u00e9tier de Stop Indivision est la gestion de situation conflictuelle autour de biens immobiliers. Les avocats sont indispensables pour sortir de ce conflit. Rachat de parts indivises Avant de penser \u00e0 notre solution, les indivisaires souhaitant sortir de l&rsquo;indivision font g\u00e9n\u00e9ralement appel \u00e0 &#8230; <a title=\"Avocats sp\u00e9cialistes de l\u2019indivision\" class=\"read-more\" href=\"https:\/\/stop-indivision.com\/be\/avocats\/\" aria-label=\"Read more about Avocats sp\u00e9cialistes de l\u2019indivision\">Lire la suite<\/a><\/p>\n","protected":false},"author":1,"featured_media":0,"parent":0,"menu_order":6,"comment_status":"closed","ping_status":"closed","template":"","meta":{"footnotes":""},"class_list":{"0":"post-6109","1":"page","2":"type-page","3":"status-publish","5":"no-featured-image-padding"},"yoast_head":"<!-- This site is optimized with the Yoast SEO plugin v27.4 - https:\/\/yoast.com\/product\/yoast-seo-wordpress\/ -->\n<title>Avocats sp\u00e9cialistes de l\u2019indivision | Stop Indivision | Rachat de biens squatt\u00e9s<\/title>\n<meta name=\"robots\" content=\"index, follow, max-snippet:-1, max-image-preview:large, max-video-preview:-1\" \/>\n<link rel=\"canonical\" href=\"https:\/\/stop-indivision.com\/be\/avocats\/\" \/>\n<meta property=\"og:locale\" content=\"fr_FR\" \/>\n<meta property=\"og:type\" content=\"article\" \/>\n<meta property=\"og:title\" content=\"Avocats sp\u00e9cialistes de l\u2019indivision | Stop Indivision | Rachat de biens squatt\u00e9s\" \/>\n<meta property=\"og:description\" content=\"Quel est le r\u00f4le des avocats sp\u00e9cialistes de l\u2019indivision&nbsp;? Le c\u0153ur du m\u00e9tier de Stop Indivision est la gestion de situation conflictuelle autour de biens immobiliers. Les avocats sont indispensables pour sortir de ce conflit. Rachat de parts indivises Avant de penser \u00e0 notre solution, les indivisaires souhaitant sortir de l&rsquo;indivision font g\u00e9n\u00e9ralement appel \u00e0 ... Lire la suite\" \/>\n<meta property=\"og:url\" content=\"https:\/\/stop-indivision.com\/be\/avocats\/\" \/>\n<meta property=\"og:site_name\" content=\"Stop Indivision\" \/>\n<meta property=\"og:image\" content=\"https:\/\/stop-indivision.com\/wp-content\/uploads\/2020\/09\/logo-stop-indivision.png\" \/>\n\t<meta property=\"og:image:width\" content=\"999\" \/>\n\t<meta property=\"og:image:height\" content=\"352\" \/>\n\t<meta property=\"og:image:type\" content=\"image\/png\" \/>\n<meta name=\"twitter:card\" content=\"summary_large_image\" \/>\n<meta name=\"twitter:label1\" content=\"Dur\u00e9e de lecture est.\" \/>\n\t<meta name=\"twitter:data1\" content=\"3 minutes\" \/>\n<script type=\"application\/ld+json\" class=\"yoast-schema-graph\">{\"@context\":\"https:\\\/\\\/schema.org\",\"@graph\":[{\"@type\":\"WebPage\",\"@id\":\"https:\\\/\\\/stop-indivision.com\\\/be\\\/avocats\\\/\",\"url\":\"https:\\\/\\\/stop-indivision.com\\\/be\\\/avocats\\\/\",\"name\":\"Avocats sp\u00e9cialistes de l\u2019indivision | Stop Indivision | Rachat de biens squatt\u00e9s\",\"isPartOf\":{\"@id\":\"https:\\\/\\\/stop-indivision.com\\\/#website\"},\"datePublished\":\"2018-11-05T07:55:19+00:00\",\"breadcrumb\":{\"@id\":\"https:\\\/\\\/stop-indivision.com\\\/be\\\/avocats\\\/#breadcrumb\"},\"inLanguage\":\"fr-BE\",\"potentialAction\":[{\"@type\":\"ReadAction\",\"target\":[\"https:\\\/\\\/stop-indivision.com\\\/be\\\/avocats\\\/\"]}]},{\"@type\":\"BreadcrumbList\",\"@id\":\"https:\\\/\\\/stop-indivision.com\\\/be\\\/avocats\\\/#breadcrumb\",\"itemListElement\":[{\"@type\":\"ListItem\",\"position\":1,\"name\":\"Accueil\",\"item\":\"https:\\\/\\\/stop-indivision.com\\\/be\\\/\"},{\"@type\":\"ListItem\",\"position\":2,\"name\":\"Avocats sp\u00e9cialistes de l\u2019indivision\"}]},{\"@type\":\"WebSite\",\"@id\":\"https:\\\/\\\/stop-indivision.com\\\/#website\",\"url\":\"https:\\\/\\\/stop-indivision.com\\\/\",\"name\":\"Stop Indivision\",\"description\":\"Rachat de parts indivises\",\"publisher\":{\"@id\":\"https:\\\/\\\/stop-indivision.com\\\/#organization\"},\"potentialAction\":[{\"@type\":\"SearchAction\",\"target\":{\"@type\":\"EntryPoint\",\"urlTemplate\":\"https:\\\/\\\/stop-indivision.com\\\/?s={search_term_string}\"},\"query-input\":{\"@type\":\"PropertyValueSpecification\",\"valueRequired\":true,\"valueName\":\"search_term_string\"}}],\"inLanguage\":\"fr-BE\"},{\"@type\":\"Organization\",\"@id\":\"https:\\\/\\\/stop-indivision.com\\\/#organization\",\"name\":\"STOP INDIVISION\",\"url\":\"https:\\\/\\\/stop-indivision.com\\\/\",\"logo\":{\"@type\":\"ImageObject\",\"inLanguage\":\"fr-BE\",\"@id\":\"https:\\\/\\\/stop-indivision.com\\\/#\\\/schema\\\/logo\\\/image\\\/\",\"url\":\"https:\\\/\\\/stop-indivision.com\\\/wp-content\\\/uploads\\\/2023\\\/02\\\/stop-indivision-logo-pour-articles.jpg\",\"contentUrl\":\"https:\\\/\\\/stop-indivision.com\\\/wp-content\\\/uploads\\\/2023\\\/02\\\/stop-indivision-logo-pour-articles.jpg\",\"width\":300,\"height\":200,\"caption\":\"STOP INDIVISION\"},\"image\":{\"@id\":\"https:\\\/\\\/stop-indivision.com\\\/#\\\/schema\\\/logo\\\/image\\\/\"}}]}<\/script>\n<!-- \/ Yoast SEO plugin. -->","yoast_head_json":{"title":"Avocats sp\u00e9cialistes de l\u2019indivision | Stop Indivision | Rachat de biens squatt\u00e9s","robots":{"index":"index","follow":"follow","max-snippet":"max-snippet:-1","max-image-preview":"max-image-preview:large","max-video-preview":"max-video-preview:-1"},"canonical":"https:\/\/stop-indivision.com\/be\/avocats\/","og_locale":"fr_FR","og_type":"article","og_title":"Avocats sp\u00e9cialistes de l\u2019indivision | Stop Indivision | Rachat de biens squatt\u00e9s","og_description":"Quel est le r\u00f4le des avocats sp\u00e9cialistes de l\u2019indivision&nbsp;? Le c\u0153ur du m\u00e9tier de Stop Indivision est la gestion de situation conflictuelle autour de biens immobiliers. Les avocats sont indispensables pour sortir de ce conflit. Rachat de parts indivises Avant de penser \u00e0 notre solution, les indivisaires souhaitant sortir de l&rsquo;indivision font g\u00e9n\u00e9ralement appel \u00e0 ... Lire la suite","og_url":"https:\/\/stop-indivision.com\/be\/avocats\/","og_site_name":"Stop Indivision","og_image":[{"width":999,"height":352,"url":"https:\/\/stop-indivision.com\/wp-content\/uploads\/2020\/09\/logo-stop-indivision.png","type":"image\/png"}],"twitter_card":"summary_large_image","twitter_misc":{"Dur\u00e9e de lecture est.":"3 minutes"},"schema":{"@context":"https:\/\/schema.org","@graph":[{"@type":"WebPage","@id":"https:\/\/stop-indivision.com\/be\/avocats\/","url":"https:\/\/stop-indivision.com\/be\/avocats\/","name":"Avocats sp\u00e9cialistes de l\u2019indivision | Stop Indivision | Rachat de biens squatt\u00e9s","isPartOf":{"@id":"https:\/\/stop-indivision.com\/#website"},"datePublished":"2018-11-05T07:55:19+00:00","breadcrumb":{"@id":"https:\/\/stop-indivision.com\/be\/avocats\/#breadcrumb"},"inLanguage":"fr-BE","potentialAction":[{"@type":"ReadAction","target":["https:\/\/stop-indivision.com\/be\/avocats\/"]}]},{"@type":"BreadcrumbList","@id":"https:\/\/stop-indivision.com\/be\/avocats\/#breadcrumb","itemListElement":[{"@type":"ListItem","position":1,"name":"Accueil","item":"https:\/\/stop-indivision.com\/be\/"},{"@type":"ListItem","position":2,"name":"Avocats sp\u00e9cialistes de l\u2019indivision"}]},{"@type":"WebSite","@id":"https:\/\/stop-indivision.com\/#website","url":"https:\/\/stop-indivision.com\/","name":"Stop Indivision","description":"Rachat de parts indivises","publisher":{"@id":"https:\/\/stop-indivision.com\/#organization"},"potentialAction":[{"@type":"SearchAction","target":{"@type":"EntryPoint","urlTemplate":"https:\/\/stop-indivision.com\/?s={search_term_string}"},"query-input":{"@type":"PropertyValueSpecification","valueRequired":true,"valueName":"search_term_string"}}],"inLanguage":"fr-BE"},{"@type":"Organization","@id":"https:\/\/stop-indivision.com\/#organization","name":"STOP INDIVISION","url":"https:\/\/stop-indivision.com\/","logo":{"@type":"ImageObject","inLanguage":"fr-BE","@id":"https:\/\/stop-indivision.com\/#\/schema\/logo\/image\/","url":"https:\/\/stop-indivision.com\/wp-content\/uploads\/2023\/02\/stop-indivision-logo-pour-articles.jpg","contentUrl":"https:\/\/stop-indivision.com\/wp-content\/uploads\/2023\/02\/stop-indivision-logo-pour-articles.jpg","width":300,"height":200,"caption":"STOP INDIVISION"},"image":{"@id":"https:\/\/stop-indivision.com\/#\/schema\/logo\/image\/"}}]}},"_links":{"self":[{"href":"https:\/\/stop-indivision.com\/be\/wp-json\/wp\/v2\/pages\/6109","targetHints":{"allow":["GET"]}}],"collection":[{"href":"https:\/\/stop-indivision.com\/be\/wp-json\/wp\/v2\/pages"}],"about":[{"href":"https:\/\/stop-indivision.com\/be\/wp-json\/wp\/v2\/types\/page"}],"author":[{"embeddable":true,"href":"https:\/\/stop-indivision.com\/be\/wp-json\/wp\/v2\/users\/1"}],"replies":[{"embeddable":true,"href":"https:\/\/stop-indivision.com\/be\/wp-json\/wp\/v2\/comments?post=6109"}],"version-history":[{"count":0,"href":"https:\/\/stop-indivision.com\/be\/wp-json\/wp\/v2\/pages\/6109\/revisions"}],"wp:attachment":[{"href":"https:\/\/stop-indivision.com\/be\/wp-json\/wp\/v2\/media?parent=6109"}],"curies":[{"name":"wp","href":"https:\/\/api.w.org\/{rel}","templated":true}]}}