{"id":6073,"date":"2024-11-26T12:10:55","date_gmt":"2024-11-26T11:10:55","guid":{"rendered":"https:\/\/stop-indivision.com\/rachat-indivision-usufruit\/"},"modified":"2024-11-26T12:10:55","modified_gmt":"2024-11-26T11:10:55","slug":"rachat-indivision-usufruit","status":"publish","type":"page","link":"https:\/\/stop-indivision.com\/be\/rachat-indivision-usufruit\/","title":{"rendered":"Rachat part indivision avec usufruit"},"content":{"rendered":"\n<p class=\"gb-headline gb-headline-632b504f gb-headline-text\">Vous \u00eates indivisaire avec usufruit et vous souhaitez vendre vos parts pour sortir d\u2019une situation qui peut s\u2019av\u00e9rer compliqu\u00e9e voir m\u00eame conflictuelle\u00a0? Stop Indivision rach\u00e8te vos parts indivis avec usufruit.\u00a0<\/p>\n\n\n<div class=\"gb-grid-wrapper gb-grid-wrapper-dabf4491\">\n<div class=\"gb-grid-column gb-grid-column-f537dde8\"><div class=\"gb-container gb-container-f537dde8\"><div class=\"gb-inside-container\">\n\n<h2 class=\"gb-headline gb-headline-9de70bec gb-headline-text\">Comment vendre ses parts d\u2019indivision avec usufruit\u00a0?<\/h2>\n\n<\/div><\/div><\/div>\n\n<div class=\"gb-grid-column gb-grid-column-99c4abf9\"><div class=\"gb-container gb-container-99c4abf9\"><div class=\"gb-inside-container\">\n\n<p>Si vous \u00eates en indivision avec usufruit, vous avez le droit de c\u00e9der gratuitement ou de vendre vos parts indivis avec usufruit \u00e0 une tierce personne ou \u00e0 une entreprise sp\u00e9cialis\u00e9e dans le rachat de parts indivis.&nbsp;<\/p>\n\n\n\n<p><a href=\"https:\/\/www.legifrance.gouv.fr\/codes\/article_lc\/LEGIARTI000006429395\">L\u2019article 195 du code civil<\/a> stipule que&nbsp;: \u00ab&nbsp;L&rsquo;usufruitier peut jouir par lui-m\u00eame, donner \u00e0 bail \u00e0 un autre, m\u00eame vendre ou c\u00e9der son droit \u00e0 titre gratuit.&nbsp;\u00bb<\/p>\n\n\n\n<p>Toutefois, la vente de parts d\u2019indivision comportant un usufruit n\u00e9cessite de respecter certaines d\u00e9marches sp\u00e9cifiques. Selon que vous \u00eates usufruitier, nu-propri\u00e9taire, ou d\u00e9tenteur de la pleine propri\u00e9t\u00e9, les r\u00e8gles varient. Voici les \u00e9tapes \u00e0 suivre pour c\u00e9der vos droits tout en tenant compte de la particularit\u00e9 de l\u2019usufruit.<\/p>\n\n\n\n<p>\u00c9tape pour la vente de parts indivis avec usufruit&nbsp;:&nbsp;<\/p>\n\n\n\n<ul class=\"wp-block-list\">\n<li>Soyez clair avec votre situation\u00a0: \u00eates-vous usufruitier avec uniquement droit de jouissance\u00a0? Ou plein propri\u00e9taire (nu propri\u00e9taire et usufruitier \u00e0 la fois)<\/li>\n\n\n\n<li>Informer les autres indivisaires de votre intention de vendre (via un acte d\u2019huissier).\u00a0<\/li>\n\n\n\n<li>Estimer la valeur de vos parts indivis<\/li>\n\n\n\n<li>Rechercher un acheteur pour vos parts indivis avec usufruit.\u00a0<\/li>\n\n\n\n<li>Passage devant le notaire<\/li>\n<\/ul>\n\n<\/div><\/div><\/div>\n\n<div class=\"gb-grid-column gb-grid-column-ba8fd143\"><div class=\"gb-container gb-container-ba8fd143\"><div class=\"gb-inside-container\">\n\n<h2 class=\"gb-headline gb-headline-a2094921 gb-headline-text\">Les avantages de la vente de parts en indivision avec usufruit<\/h2>\n\n<\/div><\/div><\/div>\n\n<div class=\"gb-grid-column gb-grid-column-abb53c18\"><div class=\"gb-container gb-container-abb53c18\"><div class=\"gb-inside-container\">\n\n<p class=\"gb-headline gb-headline-5b403ab3\"><span class=\"gb-icon\"><svg aria-hidden=\"true\" role=\"img\" height=\"1em\" width=\"1em\" viewBox=\"0 0 512 512\" xmlns=\"http:\/\/www.w3.org\/2000\/svg\"><path fill=\"currentColor\" d=\"M173.898 439.404l-166.4-166.4c-9.997-9.997-9.997-26.206 0-36.204l36.203-36.204c9.997-9.998 26.207-9.998 36.204 0L192 312.69 432.095 72.596c9.997-9.997 26.207-9.997 36.204 0l36.203 36.204c9.997 9.997 9.997 26.206 0 36.204l-294.4 294.401c-9.998 9.997-26.207 9.997-36.204-.001z\"><\/path><\/svg><\/span><span class=\"gb-headline-text\">Mon\u00e9tisation imm\u00e9diate de vos droits<\/span><\/p>\n\n\n\n<p class=\"gb-headline gb-headline-4eb99eea\"><span class=\"gb-icon\"><svg aria-hidden=\"true\" role=\"img\" height=\"1em\" width=\"1em\" viewBox=\"0 0 512 512\" xmlns=\"http:\/\/www.w3.org\/2000\/svg\"><path fill=\"currentColor\" d=\"M173.898 439.404l-166.4-166.4c-9.997-9.997-9.997-26.206 0-36.204l36.203-36.204c9.997-9.998 26.207-9.998 36.204 0L192 312.69 432.095 72.596c9.997-9.997 26.207-9.997 36.204 0l36.203 36.204c9.997 9.997 9.997 26.206 0 36.204l-294.4 294.401c-9.998 9.997-26.207 9.997-36.204-.001z\"><\/path><\/svg><\/span><span class=\"gb-headline-text\">Arr\u00eater les conflits en indivisaires<\/span><\/p>\n\n\n\n<p class=\"gb-headline gb-headline-34e4e5e1\"><span class=\"gb-icon\"><svg aria-hidden=\"true\" role=\"img\" height=\"1em\" width=\"1em\" viewBox=\"0 0 512 512\" xmlns=\"http:\/\/www.w3.org\/2000\/svg\"><path fill=\"currentColor\" d=\"M173.898 439.404l-166.4-166.4c-9.997-9.997-9.997-26.206 0-36.204l36.203-36.204c9.997-9.998 26.207-9.998 36.204 0L192 312.69 432.095 72.596c9.997-9.997 26.207-9.997 36.204 0l36.203 36.204c9.997 9.997 9.997 26.206 0 36.204l-294.4 294.401c-9.998 9.997-26.207 9.997-36.204-.001z\"><\/path><\/svg><\/span><span class=\"gb-headline-text\">Se lib\u00e9rer des obligations li\u00e9es \u00e0 l\u2019usufruit (entretien de la propri\u00e9t\u00e9, charges et taxes fonci\u00e8res)<\/span><\/p>\n\n\n\n<p class=\"gb-headline gb-headline-8121de32\"><span class=\"gb-icon\"><svg aria-hidden=\"true\" role=\"img\" height=\"1em\" width=\"1em\" viewBox=\"0 0 512 512\" xmlns=\"http:\/\/www.w3.org\/2000\/svg\"><path fill=\"currentColor\" d=\"M173.898 439.404l-166.4-166.4c-9.997-9.997-9.997-26.206 0-36.204l36.203-36.204c9.997-9.998 26.207-9.998 36.204 0L192 312.69 432.095 72.596c9.997-9.997 26.207-9.997 36.204 0l36.203 36.204c9.997 9.997 9.997 26.206 0 36.204l-294.4 294.401c-9.998 9.997-26.207 9.997-36.204-.001z\"><\/path><\/svg><\/span><span class=\"gb-headline-text\">Simplification de son patrimoine<\/span><\/p>\n\n<\/div><\/div><\/div>\n\n<div class=\"gb-grid-column gb-grid-column-202e6998\"><div class=\"gb-container gb-container-202e6998\"><div class=\"gb-inside-container\">\n<div class=\"gb-grid-wrapper gb-grid-wrapper-c866e965\">\n<div class=\"gb-grid-column gb-grid-column-aec7ca25\"><div class=\"gb-container gb-container-aec7ca25\"><div class=\"gb-inside-container\">\n\n<p class=\"gb-headline gb-headline-9f37817c\"><span class=\"gb-icon\"><svg viewBox=\"0 0 301.06 338.25\" xmlns=\"http:\/\/www.w3.org\/2000\/svg\"><defs><style>.cls-1{fill:#a13b2d;}.cls-2{fill:#8f4631;}.cls-3{fill:#d84f2a;}.cls-4{fill:#b44a36;}.cls-5{fill:#9d3a2a;}<\/style><\/defs><g data-name=\"Calque 2\" id=\"Calque_2\"><g data-name=\"Calque 1\" id=\"Calque_1-2\"><polygon points=\"177.39 149.59 224.12 58.51 149.36 0 86.03 50.29 177.39 149.59\" class=\"cls-1\"><\/polygon><polygon points=\"171.25 163.08 85.72 50.54 0 118.61 0 234.55 171.25 163.08\" class=\"cls-2\"><\/polygon><polygon points=\"180.66 185.82 301.06 157.94 300.89 118.35 235.59 67.69 224.81 59.33 180.66 185.82\" class=\"cls-3\"><\/polygon><polygon points=\"166.27 179.16 0 234.67 0 338.25 67.7 338.25 166.27 179.16\" class=\"cls-4\"><\/polygon><polygon points=\"171.25 202.65 196.69 338.25 300.91 338.25 300.91 158.71 171.25 202.65\" class=\"cls-5\"><\/polygon><polygon points=\"158.19 221.16 68.43 338.25 191.09 338.25 195.75 338.25 158.19 221.16\" class=\"cls-2\"><\/polygon><\/g><\/g><\/svg><\/span><span class=\"gb-headline-text\">Stop Indivision vous aide \u00e0 sortir <br>de cette situation complexe<\/span><\/p>\n\n<\/div><\/div><\/div>\n\n<div class=\"gb-grid-column gb-grid-column-77159e2a\"><div class=\"gb-container gb-container-77159e2a\"><div class=\"gb-inside-container\">\n<div class=\"frm_forms  with_frm_style frm_style_ma-ville\" id=\"frm_form_11_container\" data-token=\"819c83435d49fff723560c0e33a353b5\">\n<form enctype=\"multipart\/form-data\" method=\"post\" class=\"frm-show-form  frm_pro_form \" id=\"form_votreville\" data-token=\"819c83435d49fff723560c0e33a353b5\">\n<div class=\"frm_form_fields \">\n<fieldset>\n<legend class=\"frm_screen_reader\">Votre ville<\/legend>\r\n\r\n<div class=\"frm_fields_container\">\n<input type=\"hidden\" name=\"frm_action\" value=\"create\" \/>\n<input type=\"hidden\" name=\"form_id\" value=\"11\" \/>\n<input type=\"hidden\" name=\"frm_hide_fields_11\" id=\"frm_hide_fields_11\" value=\"\" \/>\n<input type=\"hidden\" name=\"form_key\" value=\"votreville\" \/>\n<input type=\"hidden\" name=\"item_meta[0]\" value=\"\" \/>\n<input type=\"hidden\" id=\"frm_submit_entry_11\" name=\"frm_submit_entry_11\" value=\"615e6d5f68\" \/><input type=\"hidden\" name=\"_wp_http_referer\" value=\"\/be\/wp-json\/wp\/v2\/pages\/6073\" \/><div id=\"frm_field_74_container\" class=\"frm_form_field form-field  frm_top_container\">\r\n    <label for=\"field_krx40\" id=\"field_krx40_label\" class=\"frm_primary_label\">Quelle est l&rsquo;adresse de votre bien\u00a0?\r\n        <span class=\"frm_required\" aria-hidden=\"true\"><\/span>\r\n    <\/label>\r\n    <input  type=\"text\" id=\"field_krx40\" name=\"item_meta[74]\" value=\"\"  data-invmsg=\"texte est non valide\" aria-invalid=\"false\" data-geoautocomplete=\"1\" data-geofieldid=\"74\"   \/>\r\n    \r\n    <input id=\"geo-lat-74\" name=\"geo_lat[74]\" class=\"frm-geo-lat\" type=\"hidden\" value=\"\"><input id=\"geo-lng-74\" name=\"geo_lng[74]\" class=\"frm-geo-lng\" type=\"hidden\" value=\"\">\r\n<\/div>\n\t<input type=\"hidden\" name=\"item_key\" value=\"\" \/>\n\t\t\t<div id=\"frm_field_76_container\">\n\t\t\t<label for=\"field_4thma\" >\n\t\t\t\tIf you are human, leave this field blank.\t\t\t<\/label>\n\t\t\t<input  id=\"field_4thma\" type=\"text\" class=\"frm_form_field form-field frm_verify\" name=\"item_meta[76]\" value=\"\"  \/>\n\t\t<\/div>\n\t\t<input name=\"frm_state\" type=\"hidden\" value=\"f3PqSmBnk28F7GnNIb5KYVdgSS3OeDs+FDoe7e1NB450wXO0k62G4\/IJB7TZ7i4v\" \/><div class=\"frm_submit\">\r\n\r\n<button class=\"frm_button_submit frm_final_submit\" type=\"submit\"  >Envoyer<\/button>\r\n\r\n\r\n<\/div><\/div>\n<\/fieldset>\n<\/div>\n\n<\/form>\n<\/div>\n\n<\/div><\/div><\/div>\n<\/div>\n<\/div><\/div><\/div>\n\n<div class=\"gb-grid-column gb-grid-column-8b3971b2\"><div class=\"gb-container gb-container-8b3971b2\"><div class=\"gb-inside-container\">\n\n<h2 class=\"gb-headline gb-headline-e403a270 gb-headline-text\">Qui peut racheter les parts indivis avec usufruits\u00a0?<\/h2>\n\n<\/div><\/div><\/div>\n\n<div class=\"gb-grid-column gb-grid-column-bdbcd9ff\"><div class=\"gb-container gb-container-bdbcd9ff\"><div class=\"gb-inside-container\">\n\n<p>La loi autorise l\u2019usufruitier \u00e0 c\u00e9der gratuitement ses droits, mais il peut \u00e9galement d\u00e9cider d\u2019en tirer profit lors d\u2019une vente.&nbsp;<\/p>\n\n\n\n<p>Le propri\u00e9taire indivisaire avec usufruit doit dans un premier temps donner la possibilit\u00e9 aux autres indivisaires de racheter ses parts dans le <a href=\"https:\/\/stop-indivision.com\/indivision-et-droit-de-preemption-procedure-et-prerogatives-des-indivisaires\/\">cadre du droit de pr\u00e9emption<\/a>. Si au terme de 2 mois aucun indivisaire ne s\u2019est propos\u00e9 de racheter les parts, l\u2019usufruitier peut se tourner vers d\u2019autres acheteurs.\u00a0<\/p>\n\n\n\n<p>Parmi les options, il peut d\u00e9cider de <a href=\"https:\/\/stop-indivision.com\/be\/rachat-de-parts-indivises\/\">vendre ses parts en indivision<\/a> \u00e0 une soci\u00e9t\u00e9 sp\u00e9cialis\u00e9e comme Stop Indivision.<\/p>\n\n<\/div><\/div><\/div>\n\n<div class=\"gb-grid-column gb-grid-column-1888b494\"><div class=\"gb-container gb-container-1888b494\"><div class=\"gb-inside-container\">\n\n<h2 class=\"gb-headline gb-headline-9c30821a gb-headline-text\">Vendre ses parts en indivision avec usufruit au meilleur prix<\/h2>\n\n<\/div><\/div><\/div>\n\n<div class=\"gb-grid-column gb-grid-column-ed344bc7\"><div class=\"gb-container gb-container-ed344bc7\"><div class=\"gb-inside-container\">\n\n<p>La vente de parts en indivision avec usufruit peut para\u00eetre complexe, mais il est tout \u00e0 fait possible d\u2019obtenir un prix optimal en suivant une d\u00e9marche r\u00e9fl\u00e9chie et structur\u00e9e. <a href=\"https:\/\/stop-indivision.com\/acquisition-biens-immobiliers\/\">STOP Indivision<\/a> propose une approche professionnelle qui garantit une estimation objective et une transaction s\u00e9curis\u00e9e. Voici les \u00e9tapes cl\u00e9s pour maximiser le prix de vente :<\/p>\n\n\n\n<h3 class=\"gb-headline gb-headline-8ef5e134 gb-headline-text\">Faire \u00e9valuer objectivement le bien<\/h3>\n\n\n\n<p>STOP Indivision r\u00e9alise une estimation en partenariat avec <strong>trois agences immobili\u00e8res<\/strong>, afin d\u2019\u00e9tablir une valeur r\u00e9aliste du bien, ind\u00e9pendamment de votre situation d\u2019urgence. Cette d\u00e9marche permet :<\/p>\n\n\n\n<ul class=\"wp-block-list\">\n<li>De d\u00e9terminer un <strong>prix juste et attractif<\/strong>.<\/li>\n\n\n\n<li>D\u2019\u00e9viter une sous-\u00e9valuation due \u00e0 des conflits ou \u00e0 un besoin urgent de vendre.<\/li>\n<\/ul>\n\n\n\n<p>Cette \u00e9valuation professionnelle repose sur les caract\u00e9ristiques du march\u00e9 immobilier local, la qualit\u00e9 du bien, et ses sp\u00e9cificit\u00e9s (pr\u00e9sence d\u2019un usufruit ou d\u2019une nue-propri\u00e9t\u00e9).<\/p>\n\n\n\n<h3 class=\"gb-headline gb-headline-e8531738 gb-headline-text\">Comprendre la valeur de l\u2019usufruit et de la nue-propri\u00e9t\u00e9<\/h3>\n\n\n\n<p>Pour vendre vos parts avec usufruit au meilleur prix, il est essentiel de comprendre leur valeur respective :<\/p>\n\n\n\n<ul class=\"wp-block-list\">\n<li><strong>L\u2019usufruit<\/strong> : Il repr\u00e9sente le droit d\u2019usage et de percevoir les revenus du bien (ex. : loyers). Sa valeur d\u00e9pend de l\u2019\u00e2ge de l\u2019usufruitier, selon un bar\u00e8me fiscal pr\u00e9cis.<\/li>\n\n\n\n<li><strong>La nue-propri\u00e9t\u00e9<\/strong> : Elle repr\u00e9sente la propri\u00e9t\u00e9 du bien, mais sans usage ou jouissance imm\u00e9diats.<\/li>\n<\/ul>\n\n\n\n<p>STOP Indivision prend en compte ces \u00e9l\u00e9ments pour proposer une offre \u00e9quilibr\u00e9e et adapt\u00e9e \u00e0 votre situation.<\/p>\n\n\n\n<h3 class=\"gb-headline gb-headline-ede19018 gb-headline-text\">Minimiser les co\u00fbts li\u00e9s aux proc\u00e9dures<\/h3>\n\n\n\n<p>En cas de conflits ou de blocages dans l\u2019indivision, des frais de proc\u00e9dures peuvent survenir (notamment si l\u2019indivision n\u00e9cessite une <a href=\"https:\/\/stop-indivision.com\/partition-judiciaire-en-indivision\/\">intervention judiciaire<\/a>). STOP Indivision :<\/p>\n\n\n\n<ul class=\"wp-block-list\">\n<li>Anticipe ces frais en les int\u00e9grant dans son \u00e9valuation.<\/li>\n\n\n\n<li>Vous aide \u00e0 \u00e9viter des d\u00e9marches co\u00fbteuses et chronophages en facilitant une transaction rapide et amiable.<\/li>\n<\/ul>\n\n\n\n<h3 class=\"gb-headline gb-headline-2818d2c3 gb-headline-text\">Un accompagnement sur-mesure pour s\u00e9curiser la vente<\/h3>\n\n\n\n<p>STOP Indivision vous accompagne tout au long du processus, depuis l\u2019estimation jusqu\u2019\u00e0 la signature de l\u2019acte de vente. Cela garantit :<\/p>\n\n\n\n<ul class=\"wp-block-list\">\n<li>Une <strong>transaction s\u00e9curis\u00e9e<\/strong> devant notaire.<\/li>\n\n\n\n<li>Un <strong>paiement rapide<\/strong>, sans les d\u00e9lais li\u00e9s aux n\u00e9gociations classiques.<\/li>\n<\/ul>\n\n\n\n<p>La <strong>prise en charge des complexit\u00e9s juridiques<\/strong>, notamment en cas de d\u00e9membrement de propri\u00e9t\u00e9.<\/p>\n\n<\/div><\/div><\/div>\n<\/div>","protected":false},"excerpt":{"rendered":"<p>Vous \u00eates indivisaire avec usufruit et vous souhaitez vendre vos parts pour sortir d\u2019une situation qui peut s\u2019av\u00e9rer compliqu\u00e9e voir m\u00eame conflictuelle\u00a0? Stop Indivision rach\u00e8te vos parts indivis avec usufruit.\u00a0<\/p>\n","protected":false},"author":1,"featured_media":0,"parent":0,"menu_order":0,"comment_status":"closed","ping_status":"closed","template":"","meta":{"footnotes":""},"class_list":{"0":"post-6073","1":"page","2":"type-page","3":"status-publish","5":"no-featured-image-padding"},"yoast_head":"<!-- This site is optimized with the Yoast SEO plugin v27.4 - https:\/\/yoast.com\/product\/yoast-seo-wordpress\/ -->\n<title>Rachat part indivision avec usufruit | Stop Indivision | Rachat de biens squatt\u00e9s<\/title>\n<meta name=\"robots\" content=\"index, follow, max-snippet:-1, max-image-preview:large, max-video-preview:-1\" \/>\n<link rel=\"canonical\" href=\"https:\/\/stop-indivision.com\/be\/rachat-indivision-usufruit\/\" \/>\n<meta property=\"og:locale\" content=\"fr_FR\" \/>\n<meta property=\"og:type\" content=\"article\" \/>\n<meta property=\"og:title\" content=\"Rachat part indivision avec usufruit | Stop Indivision | Rachat de biens squatt\u00e9s\" \/>\n<meta property=\"og:description\" content=\"Vous \u00eates indivisaire avec usufruit et vous souhaitez vendre vos parts pour sortir d\u2019une situation qui peut s\u2019av\u00e9rer compliqu\u00e9e voir m\u00eame conflictuelle\u00a0? Stop Indivision rach\u00e8te vos parts indivis avec usufruit.\u00a0\" \/>\n<meta property=\"og:url\" content=\"https:\/\/stop-indivision.com\/be\/rachat-indivision-usufruit\/\" \/>\n<meta property=\"og:site_name\" content=\"Stop Indivision\" \/>\n<meta property=\"og:image\" content=\"https:\/\/stop-indivision.com\/wp-content\/uploads\/2020\/09\/logo-stop-indivision.png\" \/>\n\t<meta property=\"og:image:width\" content=\"999\" \/>\n\t<meta property=\"og:image:height\" content=\"352\" \/>\n\t<meta property=\"og:image:type\" content=\"image\/png\" \/>\n<meta name=\"twitter:card\" content=\"summary_large_image\" \/>\n<meta name=\"twitter:label1\" content=\"Dur\u00e9e de lecture est.\" \/>\n\t<meta name=\"twitter:data1\" content=\"4 minutes\" \/>\n<script type=\"application\/ld+json\" class=\"yoast-schema-graph\">{\"@context\":\"https:\\\/\\\/schema.org\",\"@graph\":[{\"@type\":\"WebPage\",\"@id\":\"https:\\\/\\\/stop-indivision.com\\\/be\\\/rachat-indivision-usufruit\\\/\",\"url\":\"https:\\\/\\\/stop-indivision.com\\\/be\\\/rachat-indivision-usufruit\\\/\",\"name\":\"Rachat part indivision avec usufruit | Stop Indivision | Rachat de biens squatt\u00e9s\",\"isPartOf\":{\"@id\":\"https:\\\/\\\/stop-indivision.com\\\/#website\"},\"datePublished\":\"2024-11-26T11:10:55+00:00\",\"breadcrumb\":{\"@id\":\"https:\\\/\\\/stop-indivision.com\\\/be\\\/rachat-indivision-usufruit\\\/#breadcrumb\"},\"inLanguage\":\"fr-BE\",\"potentialAction\":[{\"@type\":\"ReadAction\",\"target\":[\"https:\\\/\\\/stop-indivision.com\\\/be\\\/rachat-indivision-usufruit\\\/\"]}]},{\"@type\":\"BreadcrumbList\",\"@id\":\"https:\\\/\\\/stop-indivision.com\\\/be\\\/rachat-indivision-usufruit\\\/#breadcrumb\",\"itemListElement\":[{\"@type\":\"ListItem\",\"position\":1,\"name\":\"Accueil\",\"item\":\"https:\\\/\\\/stop-indivision.com\\\/be\\\/\"},{\"@type\":\"ListItem\",\"position\":2,\"name\":\"Rachat part indivision avec usufruit\"}]},{\"@type\":\"WebSite\",\"@id\":\"https:\\\/\\\/stop-indivision.com\\\/#website\",\"url\":\"https:\\\/\\\/stop-indivision.com\\\/\",\"name\":\"Stop Indivision\",\"description\":\"Rachat de parts indivises\",\"publisher\":{\"@id\":\"https:\\\/\\\/stop-indivision.com\\\/#organization\"},\"potentialAction\":[{\"@type\":\"SearchAction\",\"target\":{\"@type\":\"EntryPoint\",\"urlTemplate\":\"https:\\\/\\\/stop-indivision.com\\\/?s={search_term_string}\"},\"query-input\":{\"@type\":\"PropertyValueSpecification\",\"valueRequired\":true,\"valueName\":\"search_term_string\"}}],\"inLanguage\":\"fr-BE\"},{\"@type\":\"Organization\",\"@id\":\"https:\\\/\\\/stop-indivision.com\\\/#organization\",\"name\":\"STOP INDIVISION\",\"url\":\"https:\\\/\\\/stop-indivision.com\\\/\",\"logo\":{\"@type\":\"ImageObject\",\"inLanguage\":\"fr-BE\",\"@id\":\"https:\\\/\\\/stop-indivision.com\\\/#\\\/schema\\\/logo\\\/image\\\/\",\"url\":\"https:\\\/\\\/stop-indivision.com\\\/wp-content\\\/uploads\\\/2023\\\/02\\\/stop-indivision-logo-pour-articles.jpg\",\"contentUrl\":\"https:\\\/\\\/stop-indivision.com\\\/wp-content\\\/uploads\\\/2023\\\/02\\\/stop-indivision-logo-pour-articles.jpg\",\"width\":300,\"height\":200,\"caption\":\"STOP INDIVISION\"},\"image\":{\"@id\":\"https:\\\/\\\/stop-indivision.com\\\/#\\\/schema\\\/logo\\\/image\\\/\"}}]}<\/script>\n<!-- \/ Yoast SEO plugin. -->","yoast_head_json":{"title":"Rachat part indivision avec usufruit | Stop Indivision | Rachat de biens squatt\u00e9s","robots":{"index":"index","follow":"follow","max-snippet":"max-snippet:-1","max-image-preview":"max-image-preview:large","max-video-preview":"max-video-preview:-1"},"canonical":"https:\/\/stop-indivision.com\/be\/rachat-indivision-usufruit\/","og_locale":"fr_FR","og_type":"article","og_title":"Rachat part indivision avec usufruit | Stop Indivision | Rachat de biens squatt\u00e9s","og_description":"Vous \u00eates indivisaire avec usufruit et vous souhaitez vendre vos parts pour sortir d\u2019une situation qui peut s\u2019av\u00e9rer compliqu\u00e9e voir m\u00eame conflictuelle\u00a0? Stop Indivision rach\u00e8te vos parts indivis avec usufruit.\u00a0","og_url":"https:\/\/stop-indivision.com\/be\/rachat-indivision-usufruit\/","og_site_name":"Stop Indivision","og_image":[{"width":999,"height":352,"url":"https:\/\/stop-indivision.com\/wp-content\/uploads\/2020\/09\/logo-stop-indivision.png","type":"image\/png"}],"twitter_card":"summary_large_image","twitter_misc":{"Dur\u00e9e de lecture est.":"4 minutes"},"schema":{"@context":"https:\/\/schema.org","@graph":[{"@type":"WebPage","@id":"https:\/\/stop-indivision.com\/be\/rachat-indivision-usufruit\/","url":"https:\/\/stop-indivision.com\/be\/rachat-indivision-usufruit\/","name":"Rachat part indivision avec usufruit | Stop Indivision | Rachat de biens squatt\u00e9s","isPartOf":{"@id":"https:\/\/stop-indivision.com\/#website"},"datePublished":"2024-11-26T11:10:55+00:00","breadcrumb":{"@id":"https:\/\/stop-indivision.com\/be\/rachat-indivision-usufruit\/#breadcrumb"},"inLanguage":"fr-BE","potentialAction":[{"@type":"ReadAction","target":["https:\/\/stop-indivision.com\/be\/rachat-indivision-usufruit\/"]}]},{"@type":"BreadcrumbList","@id":"https:\/\/stop-indivision.com\/be\/rachat-indivision-usufruit\/#breadcrumb","itemListElement":[{"@type":"ListItem","position":1,"name":"Accueil","item":"https:\/\/stop-indivision.com\/be\/"},{"@type":"ListItem","position":2,"name":"Rachat part indivision avec usufruit"}]},{"@type":"WebSite","@id":"https:\/\/stop-indivision.com\/#website","url":"https:\/\/stop-indivision.com\/","name":"Stop Indivision","description":"Rachat de parts indivises","publisher":{"@id":"https:\/\/stop-indivision.com\/#organization"},"potentialAction":[{"@type":"SearchAction","target":{"@type":"EntryPoint","urlTemplate":"https:\/\/stop-indivision.com\/?s={search_term_string}"},"query-input":{"@type":"PropertyValueSpecification","valueRequired":true,"valueName":"search_term_string"}}],"inLanguage":"fr-BE"},{"@type":"Organization","@id":"https:\/\/stop-indivision.com\/#organization","name":"STOP INDIVISION","url":"https:\/\/stop-indivision.com\/","logo":{"@type":"ImageObject","inLanguage":"fr-BE","@id":"https:\/\/stop-indivision.com\/#\/schema\/logo\/image\/","url":"https:\/\/stop-indivision.com\/wp-content\/uploads\/2023\/02\/stop-indivision-logo-pour-articles.jpg","contentUrl":"https:\/\/stop-indivision.com\/wp-content\/uploads\/2023\/02\/stop-indivision-logo-pour-articles.jpg","width":300,"height":200,"caption":"STOP INDIVISION"},"image":{"@id":"https:\/\/stop-indivision.com\/#\/schema\/logo\/image\/"}}]}},"_links":{"self":[{"href":"https:\/\/stop-indivision.com\/be\/wp-json\/wp\/v2\/pages\/6073","targetHints":{"allow":["GET"]}}],"collection":[{"href":"https:\/\/stop-indivision.com\/be\/wp-json\/wp\/v2\/pages"}],"about":[{"href":"https:\/\/stop-indivision.com\/be\/wp-json\/wp\/v2\/types\/page"}],"author":[{"embeddable":true,"href":"https:\/\/stop-indivision.com\/be\/wp-json\/wp\/v2\/users\/1"}],"replies":[{"embeddable":true,"href":"https:\/\/stop-indivision.com\/be\/wp-json\/wp\/v2\/comments?post=6073"}],"version-history":[{"count":0,"href":"https:\/\/stop-indivision.com\/be\/wp-json\/wp\/v2\/pages\/6073\/revisions"}],"wp:attachment":[{"href":"https:\/\/stop-indivision.com\/be\/wp-json\/wp\/v2\/media?parent=6073"}],"curies":[{"name":"wp","href":"https:\/\/api.w.org\/{rel}","templated":true}]}}