{"id":6070,"date":"2020-08-14T14:45:15","date_gmt":"2020-08-14T12:45:15","guid":{"rendered":"https:\/\/stop-indivision.com\/rachat-de-nue-propriete\/"},"modified":"2020-08-14T14:45:15","modified_gmt":"2020-08-14T12:45:15","slug":"rachat-de-nue-propriete","status":"publish","type":"page","link":"https:\/\/stop-indivision.com\/be\/rachat-de-nue-propriete\/","title":{"rendered":"Rachat part nue-propri\u00e9t\u00e9"},"content":{"rendered":"\n<p class=\"gb-headline gb-headline-632b504f gb-headline-text\">Le nu-propri\u00e9taire a la libert\u00e9 de vendre son bien quand il le souhaite, et sans perdre ses avantages acquis. STOP Indivision propose le rachat part nue-propri\u00e9t\u00e9 simplement \u00e0 la juste valeur de votre bien.<\/p>\n\n\n<div class=\"gb-grid-wrapper gb-grid-wrapper-dabf4491\">\n<div class=\"gb-grid-column gb-grid-column-f537dde8\"><div class=\"gb-container gb-container-f537dde8\"><div class=\"gb-inside-container\">\n\n<h2 class=\"gb-headline gb-headline-9de70bec gb-headline-text\">Qu&rsquo;est-ce que la nue-propri\u00e9t\u00e9 ?<\/h2>\n\n<\/div><\/div><\/div>\n\n<div class=\"gb-grid-column gb-grid-column-99c4abf9\"><div class=\"gb-container gb-container-99c4abf9\"><div class=\"gb-inside-container\">\n\n<p class=\"gb-headline gb-headline-59f84b5b gb-headline-text\">La nue-propri\u00e9t\u00e9 r\u00e9sulte du d\u00e9membrement d&rsquo;une propri\u00e9t\u00e9 ou d&rsquo;un droit acquis \u00e0 l&rsquo;occasion d&rsquo;une donation ou d&rsquo;un d\u00e9c\u00e8s.<\/p>\n\n\n\n<p class=\"gb-headline gb-headline-181b44d4 gb-headline-text\">Le droit de propri\u00e9t\u00e9 comporte trois attributs :<\/p>\n\n\n\n<ul class=\"wp-block-list\">\n<li>l\u2019usus (le droit d\u2019utiliser le bien)<\/li>\n\n\n\n<li>le fructus (le droit d\u2019en tirer des ressources, par exemple des loyers)<\/li>\n\n\n\n<li>et l\u2019abusus (le droit de disposer du bien, notamment en le vendant)<\/li>\n<\/ul>\n\n\n\n<p class=\"gb-headline gb-headline-8c1086d3 gb-headline-text\">On parle de d\u00e9membrement de propri\u00e9t\u00e9 lorsque ces trois attributs ne sont pas r\u00e9unis dans les mains d\u2019une seule personne, mais partag\u00e9s entre un nu-propri\u00e9taire et un usufruitier.<\/p>\n\n\n\n<p class=\"gb-headline gb-headline-a4f11b9d gb-headline-text\">Le d\u00e9membrement de propri\u00e9t\u00e9&nbsp;partage pour une dur\u00e9e d\u00e9finie, les deux droits constitutifs de la pleine propri\u00e9t\u00e9 : la nue-propri\u00e9t\u00e9 et l\u2019usufruit. Ainsi&nbsp;:<\/p>\n\n\n\n<ul class=\"wp-block-list\">\n<li>Le nu-propri\u00e9taire poss\u00e8de le bien sans en avoir l\u2019usage pendant une dur\u00e9e d\u00e9finie contractuellement<\/li>\n\n\n\n<li>L\u2019<a href=\"https:\/\/stop-indivision.com\/tout-savoir-sur-lindivision-lusufruit-et-la-nue-propriete\/\" target=\"_blank\" rel=\"noreferrer noopener\">usufruitier dispose du droit d\u2019usage<\/a> du bien. Il assure la gestion locative, per\u00e7oit les revenus et prend \u00e0 sa charge les travaux d\u2019entretien<\/li>\n<\/ul>\n\n\n\n<p class=\"gb-headline gb-headline-0d86faee\"><span class=\"gb-icon\"><svg aria-hidden=\"true\" role=\"img\" height=\"1em\" width=\"1em\" viewBox=\"0 0 576 512\" xmlns=\"http:\/\/www.w3.org\/2000\/svg\"><path fill=\"currentColor\" d=\"M576 240c0-23.63-12.95-44.04-32-55.12V32.01C544 23.26 537.02 0 512 0c-7.12 0-14.19 2.38-19.98 7.02l-85.03 68.03C364.28 109.19 310.66 128 256 128H64c-35.35 0-64 28.65-64 64v96c0 35.35 28.65 64 64 64h33.7c-1.39 10.48-2.18 21.14-2.18 32 0 39.77 9.26 77.35 25.56 110.94 5.19 10.69 16.52 17.06 28.4 17.06h74.28c26.05 0 41.69-29.84 25.9-50.56-16.4-21.52-26.15-48.36-26.15-77.44 0-11.11 1.62-21.79 4.41-32H256c54.66 0 108.28 18.81 150.98 52.95l85.03 68.03a32.023 32.023 0 0 0 19.98 7.02c24.92 0 32-22.78 32-32V295.13C563.05 284.04 576 263.63 576 240zm-96 141.42l-33.05-26.44C392.95 311.78 325.12 288 256 288v-96c69.12 0 136.95-23.78 190.95-66.98L480 98.58v282.84z\"><\/path><\/svg><\/span><span class=\"gb-headline-text\">Avec le rachat part nue-propri\u00e9t\u00e9, nous vous permettons d&rsquo;acc\u00e9der de vous lib\u00e9rer d&rsquo;une charge et d&rsquo;acc\u00e9der rapidement \u00e0 des fonds.<\/span><\/p>\n\n<\/div><\/div><\/div>\n\n<div class=\"gb-grid-column gb-grid-column-ba8fd143\"><div class=\"gb-container gb-container-ba8fd143\"><div class=\"gb-inside-container\">\n\n<h2 class=\"gb-headline gb-headline-a2094921 gb-headline-text\">Vous \u00eates aujourd\u2019hui nu-propri\u00e9taire<\/h2>\n\n<\/div><\/div><\/div>\n\n<div class=\"gb-grid-column gb-grid-column-abb53c18\"><div class=\"gb-container gb-container-abb53c18\"><div class=\"gb-inside-container\">\n\n<p class=\"gb-headline gb-headline-5b403ab3\"><span class=\"gb-icon\"><svg aria-hidden=\"true\" role=\"img\" height=\"1em\" width=\"1em\" viewBox=\"0 0 512 512\" xmlns=\"http:\/\/www.w3.org\/2000\/svg\"><path fill=\"currentColor\" d=\"M173.898 439.404l-166.4-166.4c-9.997-9.997-9.997-26.206 0-36.204l36.203-36.204c9.997-9.998 26.207-9.998 36.204 0L192 312.69 432.095 72.596c9.997-9.997 26.207-9.997 36.204 0l36.203 36.204c9.997 9.997 9.997 26.206 0 36.204l-294.4 294.401c-9.998 9.997-26.207 9.997-36.204-.001z\"><\/path><\/svg><\/span><span class=\"gb-headline-text\">Vous avez besoin de lib\u00e9rer ce capital pour faire face \u00e0 un impr\u00e9vu\u2009;<\/span><\/p>\n\n\n\n<p class=\"gb-headline gb-headline-4eb99eea\"><span class=\"gb-icon\"><svg aria-hidden=\"true\" role=\"img\" height=\"1em\" width=\"1em\" viewBox=\"0 0 512 512\" xmlns=\"http:\/\/www.w3.org\/2000\/svg\"><path fill=\"currentColor\" d=\"M173.898 439.404l-166.4-166.4c-9.997-9.997-9.997-26.206 0-36.204l36.203-36.204c9.997-9.998 26.207-9.998 36.204 0L192 312.69 432.095 72.596c9.997-9.997 26.207-9.997 36.204 0l36.203 36.204c9.997 9.997 9.997 26.206 0 36.204l-294.4 294.401c-9.998 9.997-26.207 9.997-36.204-.001z\"><\/path><\/svg><\/span><span class=\"gb-headline-text\">Vous divorcez ou vous s\u00e9parez, cela impose un partage patrimonial\u2009;<\/span><\/p>\n\n\n\n<p class=\"gb-headline gb-headline-34e4e5e1\"><span class=\"gb-icon\"><svg aria-hidden=\"true\" role=\"img\" height=\"1em\" width=\"1em\" viewBox=\"0 0 512 512\" xmlns=\"http:\/\/www.w3.org\/2000\/svg\"><path fill=\"currentColor\" d=\"M173.898 439.404l-166.4-166.4c-9.997-9.997-9.997-26.206 0-36.204l36.203-36.204c9.997-9.998 26.207-9.998 36.204 0L192 312.69 432.095 72.596c9.997-9.997 26.207-9.997 36.204 0l36.203 36.204c9.997 9.997 9.997 26.206 0 36.204l-294.4 294.401c-9.998 9.997-26.207 9.997-36.204-.001z\"><\/path><\/svg><\/span><span class=\"gb-headline-text\">Vous souhaitez r\u00e9aliser un autre type d\u2019investissement.<\/span><\/p>\n\n<\/div><\/div><\/div>\n\n<div class=\"gb-grid-column gb-grid-column-202e6998\"><div class=\"gb-container gb-container-202e6998\"><div class=\"gb-inside-container\">\n<div class=\"gb-grid-wrapper gb-grid-wrapper-c866e965\">\n<div class=\"gb-grid-column gb-grid-column-aec7ca25\"><div class=\"gb-container gb-container-aec7ca25\"><div class=\"gb-inside-container\">\n\n<p class=\"gb-headline gb-headline-9f37817c\"><span class=\"gb-icon\"><svg viewBox=\"0 0 301.06 338.25\" xmlns=\"http:\/\/www.w3.org\/2000\/svg\"><defs><style>.cls-1{fill:#a13b2d;}.cls-2{fill:#8f4631;}.cls-3{fill:#d84f2a;}.cls-4{fill:#b44a36;}.cls-5{fill:#9d3a2a;}<\/style><\/defs><g data-name=\"Calque 2\" id=\"Calque_2\"><g data-name=\"Calque 1\" id=\"Calque_1-2\"><polygon points=\"177.39 149.59 224.12 58.51 149.36 0 86.03 50.29 177.39 149.59\" class=\"cls-1\"><\/polygon><polygon points=\"171.25 163.08 85.72 50.54 0 118.61 0 234.55 171.25 163.08\" class=\"cls-2\"><\/polygon><polygon points=\"180.66 185.82 301.06 157.94 300.89 118.35 235.59 67.69 224.81 59.33 180.66 185.82\" class=\"cls-3\"><\/polygon><polygon points=\"166.27 179.16 0 234.67 0 338.25 67.7 338.25 166.27 179.16\" class=\"cls-4\"><\/polygon><polygon points=\"171.25 202.65 196.69 338.25 300.91 338.25 300.91 158.71 171.25 202.65\" class=\"cls-5\"><\/polygon><polygon points=\"158.19 221.16 68.43 338.25 191.09 338.25 195.75 338.25 158.19 221.16\" class=\"cls-2\"><\/polygon><\/g><\/g><\/svg><\/span><span class=\"gb-headline-text\">Stop Indivision vous aide \u00e0 sortir <br>de cette situation complexe<\/span><\/p>\n\n<\/div><\/div><\/div>\n\n<div class=\"gb-grid-column gb-grid-column-77159e2a\"><div class=\"gb-container gb-container-77159e2a\"><div class=\"gb-inside-container\">\n<div class=\"frm_forms  with_frm_style frm_style_ma-ville\" id=\"frm_form_11_container\" data-token=\"819c83435d49fff723560c0e33a353b5\">\n<form enctype=\"multipart\/form-data\" method=\"post\" class=\"frm-show-form  frm_pro_form \" id=\"form_votreville\" data-token=\"819c83435d49fff723560c0e33a353b5\">\n<div class=\"frm_form_fields \">\n<fieldset>\n<legend class=\"frm_screen_reader\">Votre ville<\/legend>\r\n\r\n<div class=\"frm_fields_container\">\n<input type=\"hidden\" name=\"frm_action\" value=\"create\" \/>\n<input type=\"hidden\" name=\"form_id\" value=\"11\" \/>\n<input type=\"hidden\" name=\"frm_hide_fields_11\" id=\"frm_hide_fields_11\" value=\"\" \/>\n<input type=\"hidden\" name=\"form_key\" value=\"votreville\" \/>\n<input type=\"hidden\" name=\"item_meta[0]\" value=\"\" \/>\n<input type=\"hidden\" id=\"frm_submit_entry_11\" name=\"frm_submit_entry_11\" value=\"615e6d5f68\" \/><input type=\"hidden\" name=\"_wp_http_referer\" value=\"\/be\/wp-json\/wp\/v2\/pages\/6070\" \/><div id=\"frm_field_74_container\" class=\"frm_form_field form-field  frm_top_container\">\r\n    <label for=\"field_krx40\" id=\"field_krx40_label\" class=\"frm_primary_label\">Quelle est l&rsquo;adresse de votre bien\u00a0?\r\n        <span class=\"frm_required\" aria-hidden=\"true\"><\/span>\r\n    <\/label>\r\n    <input  type=\"text\" id=\"field_krx40\" name=\"item_meta[74]\" value=\"\"  data-invmsg=\"texte est non valide\" aria-invalid=\"false\" data-geoautocomplete=\"1\" data-geofieldid=\"74\"   \/>\r\n    \r\n    <input id=\"geo-lat-74\" name=\"geo_lat[74]\" class=\"frm-geo-lat\" type=\"hidden\" value=\"\"><input id=\"geo-lng-74\" name=\"geo_lng[74]\" class=\"frm-geo-lng\" type=\"hidden\" value=\"\">\r\n<\/div>\n\t<input type=\"hidden\" name=\"item_key\" value=\"\" \/>\n\t\t\t<div id=\"frm_field_76_container\">\n\t\t\t<label for=\"field_pndxb\" >\n\t\t\t\tIf you are human, leave this field blank.\t\t\t<\/label>\n\t\t\t<input  id=\"field_pndxb\" type=\"text\" class=\"frm_form_field form-field frm_verify\" name=\"item_meta[76]\" value=\"\"  \/>\n\t\t<\/div>\n\t\t<input name=\"frm_state\" type=\"hidden\" value=\"f3PqSmBnk28F7GnNIb5KYc9Uqwly9aJzr+erN5imlDh0wXO0k62G4\/IJB7TZ7i4v\" \/><div class=\"frm_submit\">\r\n\r\n<button class=\"frm_button_submit frm_final_submit\" type=\"submit\"  >Envoyer<\/button>\r\n\r\n\r\n<\/div><\/div>\n<\/fieldset>\n<\/div>\n\n<\/form>\n<\/div>\n\n<\/div><\/div><\/div>\n<\/div>\n<\/div><\/div><\/div>\n\n<div class=\"gb-grid-column gb-grid-column-8b3971b2\"><div class=\"gb-container gb-container-8b3971b2\"><div class=\"gb-inside-container\">\n\n<h2 class=\"gb-headline gb-headline-e403a270 gb-headline-text\">Nous rachetons votre nue-propri\u00e9t\u00e9<\/h2>\n\n<\/div><\/div><\/div>\n\n<div class=\"gb-grid-column gb-grid-column-bdbcd9ff\"><div class=\"gb-container gb-container-bdbcd9ff\"><div class=\"gb-inside-container\">\n\n<p class=\"gb-headline gb-headline-7a63dbd2\"><span class=\"gb-icon\"><svg aria-hidden=\"true\" role=\"img\" height=\"1em\" width=\"1em\" viewBox=\"0 0 512 512\" xmlns=\"http:\/\/www.w3.org\/2000\/svg\"><path fill=\"currentColor\" d=\"M173.898 439.404l-166.4-166.4c-9.997-9.997-9.997-26.206 0-36.204l36.203-36.204c9.997-9.998 26.207-9.998 36.204 0L192 312.69 432.095 72.596c9.997-9.997 26.207-9.997 36.204 0l36.203 36.204c9.997 9.997 9.997 26.206 0 36.204l-294.4 294.401c-9.998 9.997-26.207 9.997-36.204-.001z\"><\/path><\/svg><\/span><span class=\"gb-headline-text\">Vous \u00eates assur\u00e9s de la vente : nos offres sont fermes et sans condition suspensive de cr\u00e9dit.<\/span><\/p>\n\n\n\n<p class=\"gb-headline gb-headline-fbf5d160\"><span class=\"gb-icon\"><svg aria-hidden=\"true\" role=\"img\" height=\"1em\" width=\"1em\" viewBox=\"0 0 512 512\" xmlns=\"http:\/\/www.w3.org\/2000\/svg\"><path fill=\"currentColor\" d=\"M173.898 439.404l-166.4-166.4c-9.997-9.997-9.997-26.206 0-36.204l36.203-36.204c9.997-9.998 26.207-9.998 36.204 0L192 312.69 432.095 72.596c9.997-9.997 26.207-9.997 36.204 0l36.203 36.204c9.997 9.997 9.997 26.206 0 36.204l-294.4 294.401c-9.998 9.997-26.207 9.997-36.204-.001z\"><\/path><\/svg><\/span><span class=\"gb-headline-text\">Vous \u00eates ainsi pleinement lib\u00e9r\u00e9s de toute obligation vis-\u00e0-vis des usufrutiers.<\/span><\/p>\n\n\n\n<p class=\"gb-headline gb-headline-259e699b\"><span class=\"gb-icon\"><svg aria-hidden=\"true\" role=\"img\" height=\"1em\" width=\"1em\" viewBox=\"0 0 576 512\" xmlns=\"http:\/\/www.w3.org\/2000\/svg\"><path fill=\"currentColor\" d=\"M576 240c0-23.63-12.95-44.04-32-55.12V32.01C544 23.26 537.02 0 512 0c-7.12 0-14.19 2.38-19.98 7.02l-85.03 68.03C364.28 109.19 310.66 128 256 128H64c-35.35 0-64 28.65-64 64v96c0 35.35 28.65 64 64 64h33.7c-1.39 10.48-2.18 21.14-2.18 32 0 39.77 9.26 77.35 25.56 110.94 5.19 10.69 16.52 17.06 28.4 17.06h74.28c26.05 0 41.69-29.84 25.9-50.56-16.4-21.52-26.15-48.36-26.15-77.44 0-11.11 1.62-21.79 4.41-32H256c54.66 0 108.28 18.81 150.98 52.95l85.03 68.03a32.023 32.023 0 0 0 19.98 7.02c24.92 0 32-22.78 32-32V295.13C563.05 284.04 576 263.63 576 240zm-96 141.42l-33.05-26.44C392.95 311.78 325.12 288 256 288v-96c69.12 0 136.95-23.78 190.95-66.98L480 98.58v282.84z\"><\/path><\/svg><\/span><span class=\"gb-headline-text\">Avec nous, vous pourrez profiter des meilleures conditions possibles en ce qui concerne le rachat de votre nue-propri\u00e9t\u00e9.<\/span><\/p>\n\n<\/div><\/div><\/div>\n\n<div class=\"gb-grid-column gb-grid-column-1888b494\"><div class=\"gb-container gb-container-1888b494\"><div class=\"gb-inside-container\">\n\n<h2 class=\"gb-headline gb-headline-9c30821a gb-headline-text\">Avant de fixer un prix pour le rachat part nue-propri\u00e9t\u00e9<\/h2>\n\n<\/div><\/div><\/div>\n\n<div class=\"gb-grid-column gb-grid-column-ed344bc7\"><div class=\"gb-container gb-container-ed344bc7\"><div class=\"gb-inside-container\">\n\n<p class=\"gb-headline gb-headline-bc939e77\"><span class=\"gb-icon\"><svg aria-hidden=\"true\" role=\"img\" height=\"1em\" width=\"1em\" viewBox=\"0 0 512 512\" xmlns=\"http:\/\/www.w3.org\/2000\/svg\"><path fill=\"currentColor\" d=\"M173.898 439.404l-166.4-166.4c-9.997-9.997-9.997-26.206 0-36.204l36.203-36.204c9.997-9.998 26.207-9.998 36.204 0L192 312.69 432.095 72.596c9.997-9.997 26.207-9.997 36.204 0l36.203 36.204c9.997 9.997 9.997 26.206 0 36.204l-294.4 294.401c-9.998 9.997-26.207 9.997-36.204-.001z\"><\/path><\/svg><\/span><span class=\"gb-headline-text\">Vous souhaitez contacter STOP Indivision pour rachat part nue-propri\u00e9t\u00e9&nbsp;? Notre <a href=\"https:\/\/stop-indivision.com\/contact\/\" target=\"_blank\" rel=\"noreferrer noopener\">formulaire de contact<\/a> en ligne est disponible. Remplissez le pour \u00eatre contact\u00e9 dans les plus brefs d\u00e9lais. Nous proc\u00e9dons \u00e0 une estimation objective de la valeur du bien immobilier. Cette <strong>\u00e9valuation se fait par 3 agences immobili\u00e8res<\/strong>. Elle consiste \u00e0 \u00e9tablir un prix de vente ind\u00e9pendamment de la situation de blocage dans laquelle vous vous retrouvez actuellement. En d\u2019autres termes, il est question de savoir combien aurait co\u00fbt\u00e9 le bien, m\u00eame si vous n\u2019\u00e9tiez pas dans le besoin de le vendre dans l\u2019urgence.<\/span><\/p>\n\n\n\n<p class=\"gb-headline gb-headline-0084fb5b\"><span class=\"gb-icon\"><svg aria-hidden=\"true\" role=\"img\" height=\"1em\" width=\"1em\" viewBox=\"0 0 512 512\" xmlns=\"http:\/\/www.w3.org\/2000\/svg\"><path fill=\"currentColor\" d=\"M173.898 439.404l-166.4-166.4c-9.997-9.997-9.997-26.206 0-36.204l36.203-36.204c9.997-9.998 26.207-9.998 36.204 0L192 312.69 432.095 72.596c9.997-9.997 26.207-9.997 36.204 0l36.203 36.204c9.997 9.997 9.997 26.206 0 36.204l-294.4 294.401c-9.998 9.997-26.207 9.997-36.204-.001z\"><\/path><\/svg><\/span><span class=\"gb-headline-text\">Par la suite, nous proc\u00e9dons \u00e0 une \u00e9valuation du co\u00fbt des \u00e9ventuelles proc\u00e9dures \u00e0 venir dans le cadre du rachat de nue-propri\u00e9t\u00e9. Il est important de pr\u00e9ciser que ces co\u00fbts d\u00e9pendent de la complexit\u00e9 du dossier.<\/span><\/p>\n\n<\/div><\/div><\/div>\n<\/div>","protected":false},"excerpt":{"rendered":"<p>Le nu-propri\u00e9taire a la libert\u00e9 de vendre son bien quand il le souhaite, et sans perdre ses avantages acquis. STOP Indivision propose le rachat part nue-propri\u00e9t\u00e9 simplement \u00e0 la juste valeur de votre bien.<\/p>\n","protected":false},"author":1,"featured_media":0,"parent":0,"menu_order":3,"comment_status":"closed","ping_status":"closed","template":"","meta":{"footnotes":""},"class_list":{"0":"post-6070","1":"page","2":"type-page","3":"status-publish","5":"no-featured-image-padding"},"yoast_head":"<!-- This site is optimized with the Yoast SEO plugin v27.4 - https:\/\/yoast.com\/product\/yoast-seo-wordpress\/ -->\n<title>Rachat part nue-propri\u00e9t\u00e9 | Stop Indivision | Rachat de biens squatt\u00e9s<\/title>\n<meta name=\"robots\" content=\"index, follow, max-snippet:-1, max-image-preview:large, max-video-preview:-1\" \/>\n<link rel=\"canonical\" href=\"https:\/\/stop-indivision.com\/be\/rachat-de-nue-propriete\/\" \/>\n<meta property=\"og:locale\" content=\"fr_FR\" \/>\n<meta property=\"og:type\" content=\"article\" \/>\n<meta property=\"og:title\" content=\"Rachat part nue-propri\u00e9t\u00e9 | Stop Indivision | Rachat de biens squatt\u00e9s\" \/>\n<meta property=\"og:description\" content=\"Le nu-propri\u00e9taire a la libert\u00e9 de vendre son bien quand il le souhaite, et sans perdre ses avantages acquis. STOP Indivision propose le rachat part nue-propri\u00e9t\u00e9 simplement \u00e0 la juste valeur de votre bien.\" \/>\n<meta property=\"og:url\" content=\"https:\/\/stop-indivision.com\/be\/rachat-de-nue-propriete\/\" \/>\n<meta property=\"og:site_name\" content=\"Stop Indivision\" \/>\n<meta property=\"og:image\" content=\"https:\/\/stop-indivision.com\/wp-content\/uploads\/2020\/09\/logo-stop-indivision.png\" \/>\n\t<meta property=\"og:image:width\" content=\"999\" \/>\n\t<meta property=\"og:image:height\" content=\"352\" \/>\n\t<meta property=\"og:image:type\" content=\"image\/png\" \/>\n<meta name=\"twitter:card\" content=\"summary_large_image\" \/>\n<meta name=\"twitter:label1\" content=\"Dur\u00e9e de lecture est.\" \/>\n\t<meta name=\"twitter:data1\" content=\"2 minutes\" \/>\n<script type=\"application\/ld+json\" class=\"yoast-schema-graph\">{\"@context\":\"https:\\\/\\\/schema.org\",\"@graph\":[{\"@type\":\"WebPage\",\"@id\":\"https:\\\/\\\/stop-indivision.com\\\/be\\\/rachat-de-nue-propriete\\\/\",\"url\":\"https:\\\/\\\/stop-indivision.com\\\/be\\\/rachat-de-nue-propriete\\\/\",\"name\":\"Rachat part nue-propri\u00e9t\u00e9 | Stop Indivision | Rachat de biens squatt\u00e9s\",\"isPartOf\":{\"@id\":\"https:\\\/\\\/stop-indivision.com\\\/#website\"},\"datePublished\":\"2020-08-14T12:45:15+00:00\",\"breadcrumb\":{\"@id\":\"https:\\\/\\\/stop-indivision.com\\\/be\\\/rachat-de-nue-propriete\\\/#breadcrumb\"},\"inLanguage\":\"fr-BE\",\"potentialAction\":[{\"@type\":\"ReadAction\",\"target\":[\"https:\\\/\\\/stop-indivision.com\\\/be\\\/rachat-de-nue-propriete\\\/\"]}]},{\"@type\":\"BreadcrumbList\",\"@id\":\"https:\\\/\\\/stop-indivision.com\\\/be\\\/rachat-de-nue-propriete\\\/#breadcrumb\",\"itemListElement\":[{\"@type\":\"ListItem\",\"position\":1,\"name\":\"Accueil\",\"item\":\"https:\\\/\\\/stop-indivision.com\\\/be\\\/\"},{\"@type\":\"ListItem\",\"position\":2,\"name\":\"Rachat part nue-propri\u00e9t\u00e9\"}]},{\"@type\":\"WebSite\",\"@id\":\"https:\\\/\\\/stop-indivision.com\\\/#website\",\"url\":\"https:\\\/\\\/stop-indivision.com\\\/\",\"name\":\"Stop Indivision\",\"description\":\"Rachat de parts indivises\",\"publisher\":{\"@id\":\"https:\\\/\\\/stop-indivision.com\\\/#organization\"},\"potentialAction\":[{\"@type\":\"SearchAction\",\"target\":{\"@type\":\"EntryPoint\",\"urlTemplate\":\"https:\\\/\\\/stop-indivision.com\\\/?s={search_term_string}\"},\"query-input\":{\"@type\":\"PropertyValueSpecification\",\"valueRequired\":true,\"valueName\":\"search_term_string\"}}],\"inLanguage\":\"fr-BE\"},{\"@type\":\"Organization\",\"@id\":\"https:\\\/\\\/stop-indivision.com\\\/#organization\",\"name\":\"STOP INDIVISION\",\"url\":\"https:\\\/\\\/stop-indivision.com\\\/\",\"logo\":{\"@type\":\"ImageObject\",\"inLanguage\":\"fr-BE\",\"@id\":\"https:\\\/\\\/stop-indivision.com\\\/#\\\/schema\\\/logo\\\/image\\\/\",\"url\":\"https:\\\/\\\/stop-indivision.com\\\/wp-content\\\/uploads\\\/2023\\\/02\\\/stop-indivision-logo-pour-articles.jpg\",\"contentUrl\":\"https:\\\/\\\/stop-indivision.com\\\/wp-content\\\/uploads\\\/2023\\\/02\\\/stop-indivision-logo-pour-articles.jpg\",\"width\":300,\"height\":200,\"caption\":\"STOP INDIVISION\"},\"image\":{\"@id\":\"https:\\\/\\\/stop-indivision.com\\\/#\\\/schema\\\/logo\\\/image\\\/\"}}]}<\/script>\n<!-- \/ Yoast SEO plugin. -->","yoast_head_json":{"title":"Rachat part nue-propri\u00e9t\u00e9 | Stop Indivision | Rachat de biens squatt\u00e9s","robots":{"index":"index","follow":"follow","max-snippet":"max-snippet:-1","max-image-preview":"max-image-preview:large","max-video-preview":"max-video-preview:-1"},"canonical":"https:\/\/stop-indivision.com\/be\/rachat-de-nue-propriete\/","og_locale":"fr_FR","og_type":"article","og_title":"Rachat part nue-propri\u00e9t\u00e9 | Stop Indivision | Rachat de biens squatt\u00e9s","og_description":"Le nu-propri\u00e9taire a la libert\u00e9 de vendre son bien quand il le souhaite, et sans perdre ses avantages acquis. STOP Indivision propose le rachat part nue-propri\u00e9t\u00e9 simplement \u00e0 la juste valeur de votre bien.","og_url":"https:\/\/stop-indivision.com\/be\/rachat-de-nue-propriete\/","og_site_name":"Stop Indivision","og_image":[{"width":999,"height":352,"url":"https:\/\/stop-indivision.com\/wp-content\/uploads\/2020\/09\/logo-stop-indivision.png","type":"image\/png"}],"twitter_card":"summary_large_image","twitter_misc":{"Dur\u00e9e de lecture est.":"2 minutes"},"schema":{"@context":"https:\/\/schema.org","@graph":[{"@type":"WebPage","@id":"https:\/\/stop-indivision.com\/be\/rachat-de-nue-propriete\/","url":"https:\/\/stop-indivision.com\/be\/rachat-de-nue-propriete\/","name":"Rachat part nue-propri\u00e9t\u00e9 | Stop Indivision | Rachat de biens squatt\u00e9s","isPartOf":{"@id":"https:\/\/stop-indivision.com\/#website"},"datePublished":"2020-08-14T12:45:15+00:00","breadcrumb":{"@id":"https:\/\/stop-indivision.com\/be\/rachat-de-nue-propriete\/#breadcrumb"},"inLanguage":"fr-BE","potentialAction":[{"@type":"ReadAction","target":["https:\/\/stop-indivision.com\/be\/rachat-de-nue-propriete\/"]}]},{"@type":"BreadcrumbList","@id":"https:\/\/stop-indivision.com\/be\/rachat-de-nue-propriete\/#breadcrumb","itemListElement":[{"@type":"ListItem","position":1,"name":"Accueil","item":"https:\/\/stop-indivision.com\/be\/"},{"@type":"ListItem","position":2,"name":"Rachat part nue-propri\u00e9t\u00e9"}]},{"@type":"WebSite","@id":"https:\/\/stop-indivision.com\/#website","url":"https:\/\/stop-indivision.com\/","name":"Stop Indivision","description":"Rachat de parts indivises","publisher":{"@id":"https:\/\/stop-indivision.com\/#organization"},"potentialAction":[{"@type":"SearchAction","target":{"@type":"EntryPoint","urlTemplate":"https:\/\/stop-indivision.com\/?s={search_term_string}"},"query-input":{"@type":"PropertyValueSpecification","valueRequired":true,"valueName":"search_term_string"}}],"inLanguage":"fr-BE"},{"@type":"Organization","@id":"https:\/\/stop-indivision.com\/#organization","name":"STOP INDIVISION","url":"https:\/\/stop-indivision.com\/","logo":{"@type":"ImageObject","inLanguage":"fr-BE","@id":"https:\/\/stop-indivision.com\/#\/schema\/logo\/image\/","url":"https:\/\/stop-indivision.com\/wp-content\/uploads\/2023\/02\/stop-indivision-logo-pour-articles.jpg","contentUrl":"https:\/\/stop-indivision.com\/wp-content\/uploads\/2023\/02\/stop-indivision-logo-pour-articles.jpg","width":300,"height":200,"caption":"STOP INDIVISION"},"image":{"@id":"https:\/\/stop-indivision.com\/#\/schema\/logo\/image\/"}}]}},"_links":{"self":[{"href":"https:\/\/stop-indivision.com\/be\/wp-json\/wp\/v2\/pages\/6070","targetHints":{"allow":["GET"]}}],"collection":[{"href":"https:\/\/stop-indivision.com\/be\/wp-json\/wp\/v2\/pages"}],"about":[{"href":"https:\/\/stop-indivision.com\/be\/wp-json\/wp\/v2\/types\/page"}],"author":[{"embeddable":true,"href":"https:\/\/stop-indivision.com\/be\/wp-json\/wp\/v2\/users\/1"}],"replies":[{"embeddable":true,"href":"https:\/\/stop-indivision.com\/be\/wp-json\/wp\/v2\/comments?post=6070"}],"version-history":[{"count":0,"href":"https:\/\/stop-indivision.com\/be\/wp-json\/wp\/v2\/pages\/6070\/revisions"}],"wp:attachment":[{"href":"https:\/\/stop-indivision.com\/be\/wp-json\/wp\/v2\/media?parent=6070"}],"curies":[{"name":"wp","href":"https:\/\/api.w.org\/{rel}","templated":true}]}}